{"id":566,"date":"2025-08-28T09:23:09","date_gmt":"2025-08-28T07:23:09","guid":{"rendered":"https:\/\/balberg.shop\/?post_type=product&#038;p=566"},"modified":"2026-03-22T09:27:10","modified_gmt":"2026-03-22T08:27:10","slug":"filzpilz-roter-fliegenpilz","status":"publish","type":"product","link":"https:\/\/balberg.shop\/de\/produit\/champignon-en-feutrine-amanite-rouge\/","title":{"rendered":"Pilz aus Filz - Roter Fliegenpilz"},"content":{"rendered":"<p>Dieser Pilz aus Filz aus 100% Merinowolle ist ein junger Fliegenpilz. Der intensiv rote Hut, der durch die Verwendung einer nach \u00d6ko-Tex Standard 100 zertifizierten F\u00e4rbung erreicht wird, offenbart den einzigartigen Charakter dieses Filzpilzes mit wei\u00dfen Erbsen.<br \/>\nSie k\u00f6nnen diesen sch\u00f6nen Fliegenpilz Jahr f\u00fcr Jahr in Ihren Weihnachtsbaum h\u00e4ngen oder als Dekoration f\u00fcr die Herbstsaison Ihr Haus schm\u00fccken, er wird immer in vollem Glanz erstrahlen. Die hohe Qualit\u00e4t der handgefertigten N\u00e4hte und des Filzes aus 100% Wolle bietet ein langlebiges und gesundes Dekorationsobjekt.<\/p>\n<h4>Abmessungen<\/h4>\n<p>Pilz aus Wollfilz<br \/>\n12 x 7 x 3 cm<\/p>","protected":false},"excerpt":{"rendered":"<p>Dieser Pilz aus Filz aus 100% Merinowolle ist ein junger Fliegenpilz. Der intensiv rote Hut, der durch die Verwendung einer nach \u00d6ko-Tex Standard 100 zertifizierten F\u00e4rbung erreicht wird, zeigt den einzigartigen Charakter dieses Filzpilzes mit wei\u00dfen Tupfen. Sie k\u00f6nnen diesen sch\u00f6nen Fliegenpilz Jahr f\u00fcr Jahr in Ihrem Weihnachtsbaum aufh\u00e4ngen,...<\/p>","protected":false},"featured_media":1441,"template":"","meta":{"_kad_blocks_custom_css":"","_kad_blocks_head_custom_js":"","_kad_blocks_body_custom_js":"","_kad_blocks_footer_custom_js":"","_kad_post_transparent":"default","_kad_post_title":"","_kad_post_layout":"default","_kad_post_sidebar_id":"","_kad_post_content_style":"default","_kad_post_vertical_padding":"default","_kad_post_feature":"","_kad_post_feature_position":"","_kad_post_header":false,"_kad_post_footer":false,"_kad_post_classname":"","footnotes":""},"product_cat":[36,18,22,39],"product_tag":[],"class_list":{"0":"post-566","1":"product","2":"type-product","3":"status-publish","4":"has-post-thumbnail","6":"product_cat-automne","7":"product_cat-decoration-de-noel-en-feutrine","8":"product_cat-decorations-naturelles-a-suspendre","9":"product_cat-hiver","10":"post","12":"first","13":"instock","14":"shipping-taxable","15":"purchasable","16":"product-type-simple","17":"entry","18":"content-bg","19":"loop-entry"},"taxonomy_info":{"product_cat":[{"value":36,"label":"Automne"},{"value":18,"label":"D\u00e9coration de No\u00ebl en feutrine"},{"value":22,"label":"D\u00e9corations naturelles \u00e0 suspendre"},{"value":39,"label":"Hiver"}]},"featured_image_src_large":["https:\/\/balberg.shop\/wp-content\/uploads\/sites\/3\/2025\/08\/IMG_5153-1024x683.jpg",1024,683,true],"author_info":[],"comment_info":"","_links":{"self":[{"href":"https:\/\/balberg.shop\/de\/wp-json\/wp\/v2\/product\/566","targetHints":{"allow":["GET"]}}],"collection":[{"href":"https:\/\/balberg.shop\/de\/wp-json\/wp\/v2\/product"}],"about":[{"href":"https:\/\/balberg.shop\/de\/wp-json\/wp\/v2\/types\/product"}],"version-history":[{"count":0,"href":"https:\/\/balberg.shop\/de\/wp-json\/wp\/v2\/product\/566\/revisions"}],"wp:featuredmedia":[{"embeddable":true,"href":"https:\/\/balberg.shop\/de\/wp-json\/wp\/v2\/media\/1441"}],"wp:attachment":[{"href":"https:\/\/balberg.shop\/de\/wp-json\/wp\/v2\/media?parent=566"}],"wp:term":[{"taxonomy":"product_cat","embeddable":true,"href":"https:\/\/balberg.shop\/de\/wp-json\/wp\/v2\/product_cat?post=566"},{"taxonomy":"product_tag","embeddable":true,"href":"https:\/\/balberg.shop\/de\/wp-json\/wp\/v2\/product_tag?post=566"}],"curies":[{"name":"wp","href":"https:\/\/api.w.org\/{rel}","templated":true}]}}