{"id":547,"date":"2025-08-28T09:01:15","date_gmt":"2025-08-28T07:01:15","guid":{"rendered":"https:\/\/balberg.shop\/?post_type=product&#038;p=547"},"modified":"2026-03-22T09:29:55","modified_gmt":"2026-03-22T08:29:55","slug":"schaf-aus-filz-und-gefilzter-wolle","status":"publish","type":"product","link":"https:\/\/balberg.shop\/de\/produit\/mouton-en-feutrine-et-laine-feutree\/","title":{"rendered":"Schaf aus Filz und gefilzter Wolle"},"content":{"rendered":"<p>Dieses wollige und weiche, niedliche wei\u00dfe Schaf aus Filz 100% Wolle wird von mir handgefertigt.<\/p>\n<h4 class=\"p1\">Abmessungen<\/h4>\n<p class=\"p2\"><span class=\"s2\">L\u00e4nge: 12,5 cm. H\u00f6he: 10,5 cm. Dicke \u2248 3,5 cm.<\/span><\/p>","protected":false},"excerpt":{"rendered":"<p>Dieses niedliche wei\u00dfe Schaf aus Wollfilz 100% Wolle ist wollig und weich und wird von mir handgefertigt. Abmessungen L\u00e4nge: 12,5 cm. H\u00f6he: 10,5 cm. Dicke \u2248 3,5 cm.<\/p>","protected":false},"featured_media":772,"template":"","meta":{"_kad_blocks_custom_css":"","_kad_blocks_head_custom_js":"","_kad_blocks_body_custom_js":"","_kad_blocks_footer_custom_js":"","_kad_post_transparent":"default","_kad_post_title":"","_kad_post_layout":"default","_kad_post_sidebar_id":"","_kad_post_content_style":"default","_kad_post_vertical_padding":"default","_kad_post_feature":"","_kad_post_feature_position":"","_kad_post_header":false,"_kad_post_footer":false,"_kad_post_classname":"","footnotes":""},"product_cat":[36,21,39],"product_tag":[],"class_list":{"0":"post-547","1":"product","2":"type-product","3":"status-publish","4":"has-post-thumbnail","6":"product_cat-automne","7":"product_cat-figurines-jouets-en-feutrine","8":"product_cat-hiver","9":"post","11":"first","12":"onbackorder","13":"shipping-taxable","14":"purchasable","15":"product-type-simple","16":"entry","17":"content-bg","18":"loop-entry"},"taxonomy_info":{"product_cat":[{"value":36,"label":"Automne"},{"value":21,"label":"Figurines &amp; Jouets en feutrine"},{"value":39,"label":"Hiver"}]},"featured_image_src_large":["https:\/\/balberg.shop\/wp-content\/uploads\/sites\/3\/2025\/08\/IMG_4936-Grande-1024x682.jpeg",1024,682,true],"author_info":[],"comment_info":"","_links":{"self":[{"href":"https:\/\/balberg.shop\/de\/wp-json\/wp\/v2\/product\/547","targetHints":{"allow":["GET"]}}],"collection":[{"href":"https:\/\/balberg.shop\/de\/wp-json\/wp\/v2\/product"}],"about":[{"href":"https:\/\/balberg.shop\/de\/wp-json\/wp\/v2\/types\/product"}],"version-history":[{"count":0,"href":"https:\/\/balberg.shop\/de\/wp-json\/wp\/v2\/product\/547\/revisions"}],"wp:featuredmedia":[{"embeddable":true,"href":"https:\/\/balberg.shop\/de\/wp-json\/wp\/v2\/media\/772"}],"wp:attachment":[{"href":"https:\/\/balberg.shop\/de\/wp-json\/wp\/v2\/media?parent=547"}],"wp:term":[{"taxonomy":"product_cat","embeddable":true,"href":"https:\/\/balberg.shop\/de\/wp-json\/wp\/v2\/product_cat?post=547"},{"taxonomy":"product_tag","embeddable":true,"href":"https:\/\/balberg.shop\/de\/wp-json\/wp\/v2\/product_tag?post=547"}],"curies":[{"name":"wp","href":"https:\/\/api.w.org\/{rel}","templated":true}]}}