{"id":545,"date":"2025-08-28T08:58:47","date_gmt":"2025-08-28T06:58:47","guid":{"rendered":"https:\/\/balberg.shop\/?post_type=product&#038;p=545"},"modified":"2026-03-22T09:30:07","modified_gmt":"2026-03-22T08:30:07","slug":"filzfuchs","status":"publish","type":"product","link":"https:\/\/balberg.shop\/de\/produit\/renard-en-feutrine\/","title":{"rendered":"Fuchs aus Filz"},"content":{"rendered":"<p>Der Fuchs Balberg shop ist ein kluger und gewitzter kleiner Begleiter f\u00fcr Kleinkinder und \u00e4ltere Kinder.<\/p>\n<p>Der Stoff aus reiner Merinowolle ist in einer intensiven und tiefen Farbe gef\u00e4rbt, die nach \u00d6ko-Tex Standard 100 zertifiziert ist. Die charakteristischen wei\u00dfen Partien des Fuchsfells werden durch Zugabe von kardierter Nadelwolle verfilzt.<br \/>\nDie leidenschaftliche und handwerkliche Herstellung f\u00fchrt zu leichten Abweichungen, die jedes St\u00fcck einzigartig und authentisch machen.<\/p>\n<h4>Abmessungen<\/h4>\n<p>L\u00e4nge: von der Schnauze bis zum Schwanz 20 cm. H\u00f6he: von den Ohren bis zur Pfote 10 cm. Dicke \u2248 2,5 cm.<\/p>","protected":false},"excerpt":{"rendered":"<p>Le renard Balberg shop sera un petit compagnon fut\u00e9 et malin pour les tout-petits comme pour les plus grand. L\u2019\u00e9toffe en pure laine m\u00e9rinos est teinte d\u2019une couleur intense et profonde certifi\u00e9e Oeko-Tex Standard 100. Les parties blanches caract\u00e9ristiques du pelage du renard sont feutr\u00e9es par ajout de laine card\u00e9e \u00e0 l\u2019aiguille. La fabrication passionn\u00e9e&#8230;<\/p>","protected":false},"featured_media":1470,"template":"","meta":{"_kad_blocks_custom_css":"","_kad_blocks_head_custom_js":"","_kad_blocks_body_custom_js":"","_kad_blocks_footer_custom_js":"","_kad_post_transparent":"default","_kad_post_title":"","_kad_post_layout":"default","_kad_post_sidebar_id":"","_kad_post_content_style":"default","_kad_post_vertical_padding":"default","_kad_post_feature":"","_kad_post_feature_position":"","_kad_post_header":false,"_kad_post_footer":false,"_kad_post_classname":"","footnotes":""},"product_cat":[36,21],"product_tag":[],"class_list":{"0":"post-545","1":"product","2":"type-product","3":"status-publish","4":"has-post-thumbnail","6":"product_cat-automne","7":"product_cat-figurines-jouets-en-feutrine","8":"post","10":"first","11":"onbackorder","12":"shipping-taxable","13":"purchasable","14":"product-type-simple","15":"entry","16":"content-bg","17":"loop-entry"},"taxonomy_info":{"product_cat":[{"value":36,"label":"Automne"},{"value":21,"label":"Figurines &amp; Jouets en feutrine"}]},"featured_image_src_large":["https:\/\/balberg.shop\/wp-content\/uploads\/sites\/3\/2025\/08\/IMG_4274-1024x683.jpeg",1024,683,true],"author_info":[],"comment_info":"","_links":{"self":[{"href":"https:\/\/balberg.shop\/de\/wp-json\/wp\/v2\/product\/545","targetHints":{"allow":["GET"]}}],"collection":[{"href":"https:\/\/balberg.shop\/de\/wp-json\/wp\/v2\/product"}],"about":[{"href":"https:\/\/balberg.shop\/de\/wp-json\/wp\/v2\/types\/product"}],"version-history":[{"count":0,"href":"https:\/\/balberg.shop\/de\/wp-json\/wp\/v2\/product\/545\/revisions"}],"wp:featuredmedia":[{"embeddable":true,"href":"https:\/\/balberg.shop\/de\/wp-json\/wp\/v2\/media\/1470"}],"wp:attachment":[{"href":"https:\/\/balberg.shop\/de\/wp-json\/wp\/v2\/media?parent=545"}],"wp:term":[{"taxonomy":"product_cat","embeddable":true,"href":"https:\/\/balberg.shop\/de\/wp-json\/wp\/v2\/product_cat?post=545"},{"taxonomy":"product_tag","embeddable":true,"href":"https:\/\/balberg.shop\/de\/wp-json\/wp\/v2\/product_tag?post=545"}],"curies":[{"name":"wp","href":"https:\/\/api.w.org\/{rel}","templated":true}]}}