{"id":541,"date":"2025-08-28T08:54:11","date_gmt":"2025-08-28T06:54:11","guid":{"rendered":"https:\/\/balberg.shop\/?post_type=product&#038;p=541"},"modified":"2026-03-22T09:30:27","modified_gmt":"2026-03-22T08:30:27","slug":"wolf-aus-filz","status":"publish","type":"product","link":"https:\/\/balberg.shop\/de\/produit\/loup-en-feutrine\/","title":{"rendered":"Wolf aus Filz"},"content":{"rendered":"<h4 class=\"p1\">Abmessungen<\/h4>\n<p class=\"p2\"><span class=\"s2\">L\u00e4nge: von der Schnauze bis zum Schwanz 16 cm. H\u00f6he: von den Ohren bis zur Pfote 13 cm. Dicke \u2248 2,5 cm.<\/span><\/p>","protected":false},"excerpt":{"rendered":"<p>Dimensions Longueur: du museau \u00e0 la queue 16 cm. Hauteur: des oreilles \u00e0 la patte 13 cm. \u00c9paisseur \u2248 2,5 cm.<\/p>","protected":false},"featured_media":957,"template":"","meta":{"_kad_blocks_custom_css":"","_kad_blocks_head_custom_js":"","_kad_blocks_body_custom_js":"","_kad_blocks_footer_custom_js":"","_kad_post_transparent":"default","_kad_post_title":"","_kad_post_layout":"default","_kad_post_sidebar_id":"","_kad_post_content_style":"default","_kad_post_vertical_padding":"default","_kad_post_feature":"","_kad_post_feature_position":"","_kad_post_header":false,"_kad_post_footer":false,"_kad_post_classname":"","footnotes":""},"product_cat":[21],"product_tag":[],"class_list":{"0":"post-541","1":"product","2":"type-product","3":"status-publish","4":"has-post-thumbnail","6":"product_cat-figurines-jouets-en-feutrine","7":"post","9":"first","10":"onbackorder","11":"shipping-taxable","12":"purchasable","13":"product-type-simple","14":"entry","15":"content-bg","16":"loop-entry"},"taxonomy_info":{"product_cat":[{"value":21,"label":"Figurines &amp; Jouets en feutrine"}]},"featured_image_src_large":["https:\/\/balberg.shop\/wp-content\/uploads\/sites\/3\/2025\/08\/IMG_6683-Grande-1024x682.jpeg",1024,682,true],"author_info":[],"comment_info":"","_links":{"self":[{"href":"https:\/\/balberg.shop\/de\/wp-json\/wp\/v2\/product\/541","targetHints":{"allow":["GET"]}}],"collection":[{"href":"https:\/\/balberg.shop\/de\/wp-json\/wp\/v2\/product"}],"about":[{"href":"https:\/\/balberg.shop\/de\/wp-json\/wp\/v2\/types\/product"}],"version-history":[{"count":0,"href":"https:\/\/balberg.shop\/de\/wp-json\/wp\/v2\/product\/541\/revisions"}],"wp:featuredmedia":[{"embeddable":true,"href":"https:\/\/balberg.shop\/de\/wp-json\/wp\/v2\/media\/957"}],"wp:attachment":[{"href":"https:\/\/balberg.shop\/de\/wp-json\/wp\/v2\/media?parent=541"}],"wp:term":[{"taxonomy":"product_cat","embeddable":true,"href":"https:\/\/balberg.shop\/de\/wp-json\/wp\/v2\/product_cat?post=541"},{"taxonomy":"product_tag","embeddable":true,"href":"https:\/\/balberg.shop\/de\/wp-json\/wp\/v2\/product_tag?post=541"}],"curies":[{"name":"wp","href":"https:\/\/api.w.org\/{rel}","templated":true}]}}