{"id":535,"date":"2025-08-28T08:48:16","date_gmt":"2025-08-28T06:48:16","guid":{"rendered":"https:\/\/balberg.shop\/?post_type=product&#038;p=535"},"modified":"2026-03-22T09:30:58","modified_gmt":"2026-03-22T08:30:58","slug":"zebra-aus-filz","status":"publish","type":"product","link":"https:\/\/balberg.shop\/de\/produit\/zebre-en-feutrine\/","title":{"rendered":"Zebra aus Filz"},"content":{"rendered":"<p>Das Zebra aus Filz 100% Merinowolle Balberg shop verk\u00f6rpert das freie und wilde Leben. Wer hat nicht schon einmal davon getr\u00e4umt, eine galoppierende Zebraherde zu sehen, die den Staub zertrampelt und im Chor wiehert, der bis ins Innerste unseres Herzens dringt?<br \/>\nJedes Zebra wird von Hand gefilzt, indem schwarze kardierte Wolle hinzugef\u00fcgt wird. Diese sorgf\u00e4ltige Arbeit erm\u00f6glicht leichte Abweichungen, die jedem Zebra ein einzigartiges Kleid verleihen.<\/p>\n<h4>Abmessungen<\/h4>\n<p>Zebra 100% Merinowolle schwarz und wei\u00df<br \/>\nL\u00e4nge: vom Kopf bis zum Schwanz 17 cm. H\u00f6he: von den Ohren bis zum Huf 15 cm. Dicke \u2248 4,5 cm.<\/p>","protected":false},"excerpt":{"rendered":"<p>Das Zebra aus Filz 100% Merinowolle Balberg shop verk\u00f6rpert das freie und wilde Leben. Wer hat nicht schon einmal davon getr\u00e4umt, eine galoppierende Zebraherde zu sehen, die den Staub zertrampelt und im Chor wiehert, der bis ins Innerste unseres Herzens dringt? Jedes Zebra wird von Hand gefilzt, indem schwarze Streichwolle hinzugef\u00fcgt wird,...<\/p>","protected":false},"featured_media":676,"template":"","meta":{"_kad_blocks_custom_css":"","_kad_blocks_head_custom_js":"","_kad_blocks_body_custom_js":"","_kad_blocks_footer_custom_js":"","_kad_post_transparent":"default","_kad_post_title":"","_kad_post_layout":"default","_kad_post_sidebar_id":"","_kad_post_content_style":"default","_kad_post_vertical_padding":"default","_kad_post_feature":"","_kad_post_feature_position":"","_kad_post_header":false,"_kad_post_footer":false,"_kad_post_classname":"","footnotes":""},"product_cat":[21],"product_tag":[],"class_list":{"0":"post-535","1":"product","2":"type-product","3":"status-publish","4":"has-post-thumbnail","6":"product_cat-figurines-jouets-en-feutrine","7":"post","9":"first","10":"onbackorder","11":"shipping-taxable","12":"purchasable","13":"product-type-simple","14":"entry","15":"content-bg","16":"loop-entry"},"taxonomy_info":{"product_cat":[{"value":21,"label":"Figurines &amp; Jouets en feutrine"}]},"featured_image_src_large":["https:\/\/balberg.shop\/wp-content\/uploads\/sites\/3\/2025\/08\/IMG_4911-Grande-1024x682.jpeg",1024,682,true],"author_info":[],"comment_info":"","_links":{"self":[{"href":"https:\/\/balberg.shop\/de\/wp-json\/wp\/v2\/product\/535","targetHints":{"allow":["GET"]}}],"collection":[{"href":"https:\/\/balberg.shop\/de\/wp-json\/wp\/v2\/product"}],"about":[{"href":"https:\/\/balberg.shop\/de\/wp-json\/wp\/v2\/types\/product"}],"version-history":[{"count":0,"href":"https:\/\/balberg.shop\/de\/wp-json\/wp\/v2\/product\/535\/revisions"}],"wp:featuredmedia":[{"embeddable":true,"href":"https:\/\/balberg.shop\/de\/wp-json\/wp\/v2\/media\/676"}],"wp:attachment":[{"href":"https:\/\/balberg.shop\/de\/wp-json\/wp\/v2\/media?parent=535"}],"wp:term":[{"taxonomy":"product_cat","embeddable":true,"href":"https:\/\/balberg.shop\/de\/wp-json\/wp\/v2\/product_cat?post=535"},{"taxonomy":"product_tag","embeddable":true,"href":"https:\/\/balberg.shop\/de\/wp-json\/wp\/v2\/product_tag?post=535"}],"curies":[{"name":"wp","href":"https:\/\/api.w.org\/{rel}","templated":true}]}}