{"id":533,"date":"2025-08-28T08:45:38","date_gmt":"2025-08-28T06:45:38","guid":{"rendered":"https:\/\/balberg.shop\/?post_type=product&#038;p=533"},"modified":"2026-03-23T10:33:41","modified_gmt":"2026-03-23T09:33:41","slug":"schwalbe-aus-blauem-filz","status":"publish","type":"product","link":"https:\/\/balberg.shop\/de\/produit\/hirondelle-en-feutrine-bleu\/","title":{"rendered":"Schwalbe aus Filz - blau"},"content":{"rendered":"<p>Hier \u00fcberfluten Schwalben und Mauersegler den Himmel mit ihren Rufen und Fl\u00fcgen direkt vor den Fenstern des Ateliers. Der Sommer ist f\u00fcr mich die Jahreszeit dieser faszinierenden Zugv\u00f6gel.<\/p>\n<p>Diese kontrastreiche Schwalbe ist f\u00fcr die Kleinsten gedacht und begleitet sie beim Erwachen und beim Spielen.<br \/>\nDer erste Sinn, den ein Baby ab der dritten Lebenswoche entwickelt, ist das Sehen. Mit dem Balberg shop Schwalbe k\u00f6nnen Sie das Sehverm\u00f6gen stimulieren. Eine einfache Form mit klaren Linien und den Farben Rot, Schwarz und Wei\u00df, die die Aufmerksamkeit Ihres Babys auf sich ziehen. Von Geburt an begleitet die Schwalbe die Poesie des Kindes, indem sie sich seinem Alter entsprechend frei an seine Spiele anpasst.<\/p>\n<p>Mit einer Schlaufe auf der R\u00fcckseite zum Aufh\u00e4ngen \u00fcber der Krabbeldecke des Babys oder zum Aufh\u00e4ngen als Dekoration im Zimmer oder zu Hause.<\/p>\n<h3>Abmessungen<\/h3>\n<p>L\u00e4nge: Vom Schnabel bis zum Schwanz 17 cm. Breite: 18 cm. Dicke: \u2248 2 cm.<\/p>","protected":false},"excerpt":{"rendered":"<p>Hier \u00fcberfluten Schwalben und Mauersegler den Himmel mit ihren Rufen und Fl\u00fcgen direkt vor den Fenstern des Ateliers. Der Sommer ist f\u00fcr mich die Jahreszeit dieser faszinierenden Zugv\u00f6gel. Diese h\u00fcbsche, kontrastreiche Schwalbe ist f\u00fcr die Kleinsten gedacht und wird sie bei der Erkundung und beim Spielen begleiten. Der Sinn...<\/p>","protected":false},"featured_media":841,"template":"","meta":{"_kad_blocks_custom_css":"","_kad_blocks_head_custom_js":"","_kad_blocks_body_custom_js":"","_kad_blocks_footer_custom_js":"","_kad_post_transparent":"default","_kad_post_title":"","_kad_post_layout":"default","_kad_post_sidebar_id":"","_kad_post_content_style":"default","_kad_post_vertical_padding":"default","_kad_post_feature":"","_kad_post_feature_position":"","_kad_post_header":false,"_kad_post_footer":false,"_kad_post_classname":"","footnotes":""},"product_cat":[22,35,49],"product_tag":[],"class_list":{"0":"post-533","1":"product","2":"type-product","3":"status-publish","4":"has-post-thumbnail","6":"product_cat-decorations-naturelles-a-suspendre","7":"product_cat-jouets-libres-jouets-d-eveil","8":"product_cat-oiseaux-en-feutrine","9":"post","11":"first","12":"onbackorder","13":"shipping-taxable","14":"purchasable","15":"product-type-simple","16":"entry","17":"content-bg","18":"loop-entry"},"taxonomy_info":{"product_cat":[{"value":22,"label":"D\u00e9corations naturelles \u00e0 suspendre"},{"value":35,"label":"Jouets libres | Jouets d'\u00e9veil"},{"value":49,"label":"Oiseaux en feutrine"}]},"featured_image_src_large":["https:\/\/balberg.shop\/wp-content\/uploads\/sites\/3\/2025\/08\/IMG_4237-Grande-1024x682.jpeg",1024,682,true],"author_info":[],"comment_info":"","_links":{"self":[{"href":"https:\/\/balberg.shop\/de\/wp-json\/wp\/v2\/product\/533","targetHints":{"allow":["GET"]}}],"collection":[{"href":"https:\/\/balberg.shop\/de\/wp-json\/wp\/v2\/product"}],"about":[{"href":"https:\/\/balberg.shop\/de\/wp-json\/wp\/v2\/types\/product"}],"version-history":[{"count":0,"href":"https:\/\/balberg.shop\/de\/wp-json\/wp\/v2\/product\/533\/revisions"}],"wp:featuredmedia":[{"embeddable":true,"href":"https:\/\/balberg.shop\/de\/wp-json\/wp\/v2\/media\/841"}],"wp:attachment":[{"href":"https:\/\/balberg.shop\/de\/wp-json\/wp\/v2\/media?parent=533"}],"wp:term":[{"taxonomy":"product_cat","embeddable":true,"href":"https:\/\/balberg.shop\/de\/wp-json\/wp\/v2\/product_cat?post=533"},{"taxonomy":"product_tag","embeddable":true,"href":"https:\/\/balberg.shop\/de\/wp-json\/wp\/v2\/product_tag?post=533"}],"curies":[{"name":"wp","href":"https:\/\/api.w.org\/{rel}","templated":true}]}}