{"id":528,"date":"2025-08-28T08:42:01","date_gmt":"2025-08-28T06:42:01","guid":{"rendered":"https:\/\/balberg.shop\/?post_type=product&#038;p=528"},"modified":"2026-03-22T09:31:30","modified_gmt":"2026-03-22T08:31:30","slug":"kranz-blumen-dete","status":"publish","type":"product","link":"https:\/\/balberg.shop\/de\/produit\/couronne-fleurs-dete\/","title":{"rendered":"Kranz - Sommerblumen"},"content":{"rendered":"<p>Der Blumenkranz Balberg shop ist weich und mit G\u00e4nsebl\u00fcmchen gef\u00fcllt. Er eignet sich perfekt, um den Sommer zu feiern, Ihre Jahreszeitentische zu dekorieren oder einfach nur Spa\u00df zu haben.<br \/>\nDie Krone ist ein unverzichtbares Accessoire in der Verkleidungskiste von Kindern.<br \/>\nSie ist nat\u00fcrlich unisex und passt dank des Baumwollbandes, das am Hinterkopf gebunden wird, f\u00fcr alle Kopfgr\u00f6\u00dfen.<\/p>\n<p>Die Herstellung ist 100% Schurwolle, fest, langlebig, handgefertigt und mit all meiner Liebe.<br \/>\nDie G\u00e4nsebl\u00fcmchen werden mit der Nadel gefilzt.<\/p>\n<h4>Abmessungen<\/h4>\n<p>L\u00e4nge: 29 cm Breite: 7,5 cm<\/p>","protected":false},"excerpt":{"rendered":"<p>Der Blumenkranz Balberg shop ist weich und mit G\u00e4nsebl\u00fcmchen gef\u00fcllt. Er eignet sich perfekt, um den Sommer zu feiern, Ihre Jahreszeitentische zu dekorieren oder einfach nur Spa\u00df zu haben. Die Krone ist ein unverzichtbares Accessoire in der Verkleidungskiste von Kindern. Sie ist nat\u00fcrlich unisex und passt dank der Schleife f\u00fcr alle Kopfgr\u00f6\u00dfen...<\/p>","protected":false},"featured_media":643,"template":"","meta":{"_kad_blocks_custom_css":"","_kad_blocks_head_custom_js":"","_kad_blocks_body_custom_js":"","_kad_blocks_footer_custom_js":"","_kad_post_transparent":"default","_kad_post_title":"","_kad_post_layout":"default","_kad_post_sidebar_id":"","_kad_post_content_style":"default","_kad_post_vertical_padding":"default","_kad_post_feature":"","_kad_post_feature_position":"","_kad_post_header":false,"_kad_post_footer":false,"_kad_post_classname":"","footnotes":""},"product_cat":[20],"product_tag":[],"class_list":{"0":"post-528","1":"product","2":"type-product","3":"status-publish","4":"has-post-thumbnail","6":"product_cat-couronnes-en-feutrine","7":"post","9":"first","10":"onbackorder","11":"shipping-taxable","12":"purchasable","13":"product-type-simple","14":"entry","15":"content-bg","16":"loop-entry"},"taxonomy_info":{"product_cat":[{"value":20,"label":"Couronnes en feutrine"}]},"featured_image_src_large":["https:\/\/balberg.shop\/wp-content\/uploads\/sites\/3\/2025\/08\/IMG_3565-Grande-1024x682.jpeg",1024,682,true],"author_info":[],"comment_info":"","_links":{"self":[{"href":"https:\/\/balberg.shop\/de\/wp-json\/wp\/v2\/product\/528","targetHints":{"allow":["GET"]}}],"collection":[{"href":"https:\/\/balberg.shop\/de\/wp-json\/wp\/v2\/product"}],"about":[{"href":"https:\/\/balberg.shop\/de\/wp-json\/wp\/v2\/types\/product"}],"version-history":[{"count":0,"href":"https:\/\/balberg.shop\/de\/wp-json\/wp\/v2\/product\/528\/revisions"}],"wp:featuredmedia":[{"embeddable":true,"href":"https:\/\/balberg.shop\/de\/wp-json\/wp\/v2\/media\/643"}],"wp:attachment":[{"href":"https:\/\/balberg.shop\/de\/wp-json\/wp\/v2\/media?parent=528"}],"wp:term":[{"taxonomy":"product_cat","embeddable":true,"href":"https:\/\/balberg.shop\/de\/wp-json\/wp\/v2\/product_cat?post=528"},{"taxonomy":"product_tag","embeddable":true,"href":"https:\/\/balberg.shop\/de\/wp-json\/wp\/v2\/product_tag?post=528"}],"curies":[{"name":"wp","href":"https:\/\/api.w.org\/{rel}","templated":true}]}}