{"id":522,"date":"2025-08-28T08:37:25","date_gmt":"2025-08-28T06:37:25","guid":{"rendered":"https:\/\/balberg.shop\/?post_type=product&#038;p=522"},"modified":"2026-03-22T09:32:05","modified_gmt":"2026-03-22T08:32:05","slug":"elefant-aus-filz","status":"publish","type":"product","link":"https:\/\/balberg.shop\/de\/produit\/elephant-en-feutrine\/","title":{"rendered":"Elefant aus Filz"},"content":{"rendered":"<h4>Abmessungen<\/h4>\n<p>Pl\u00fcsch Elefant aus Filz<br \/>\nL\u00e4nge: 24 cm. H\u00f6he: von den Ohren bis zu den Beinen 17,5 cm. Dicke \u2248 6 cm.<\/p>","protected":false},"excerpt":{"rendered":"<p>Abmessungen Pl\u00fcschtier Elefant aus Filz L\u00e4nge: 24 cm. H\u00f6he: von den Ohren bis zu den Beinen 17,5 cm. Dicke \u2248 6 cm.<\/p>","protected":false},"featured_media":864,"template":"","meta":{"_kad_blocks_custom_css":"","_kad_blocks_head_custom_js":"","_kad_blocks_body_custom_js":"","_kad_blocks_footer_custom_js":"","_kad_post_transparent":"default","_kad_post_title":"","_kad_post_layout":"default","_kad_post_sidebar_id":"","_kad_post_content_style":"default","_kad_post_vertical_padding":"default","_kad_post_feature":"","_kad_post_feature_position":"","_kad_post_header":false,"_kad_post_footer":false,"_kad_post_classname":"","footnotes":""},"product_cat":[21],"product_tag":[],"class_list":{"0":"post-522","1":"product","2":"type-product","3":"status-publish","4":"has-post-thumbnail","6":"product_cat-figurines-jouets-en-feutrine","7":"post","9":"first","10":"onbackorder","11":"shipping-taxable","12":"purchasable","13":"product-type-simple","14":"entry","15":"content-bg","16":"loop-entry"},"taxonomy_info":{"product_cat":[{"value":21,"label":"Figurines &amp; Jouets en feutrine"}]},"featured_image_src_large":["https:\/\/balberg.shop\/wp-content\/uploads\/sites\/3\/2025\/08\/IMG_5581-Grande-1024x682.jpeg",1024,682,true],"author_info":[],"comment_info":"","_links":{"self":[{"href":"https:\/\/balberg.shop\/de\/wp-json\/wp\/v2\/product\/522","targetHints":{"allow":["GET"]}}],"collection":[{"href":"https:\/\/balberg.shop\/de\/wp-json\/wp\/v2\/product"}],"about":[{"href":"https:\/\/balberg.shop\/de\/wp-json\/wp\/v2\/types\/product"}],"version-history":[{"count":0,"href":"https:\/\/balberg.shop\/de\/wp-json\/wp\/v2\/product\/522\/revisions"}],"wp:featuredmedia":[{"embeddable":true,"href":"https:\/\/balberg.shop\/de\/wp-json\/wp\/v2\/media\/864"}],"wp:attachment":[{"href":"https:\/\/balberg.shop\/de\/wp-json\/wp\/v2\/media?parent=522"}],"wp:term":[{"taxonomy":"product_cat","embeddable":true,"href":"https:\/\/balberg.shop\/de\/wp-json\/wp\/v2\/product_cat?post=522"},{"taxonomy":"product_tag","embeddable":true,"href":"https:\/\/balberg.shop\/de\/wp-json\/wp\/v2\/product_tag?post=522"}],"curies":[{"name":"wp","href":"https:\/\/api.w.org\/{rel}","templated":true}]}}