{"id":520,"date":"2025-08-28T08:36:09","date_gmt":"2025-08-28T06:36:09","guid":{"rendered":"https:\/\/balberg.shop\/?post_type=product&#038;p=520"},"modified":"2026-03-22T09:32:21","modified_gmt":"2026-03-22T08:32:21","slug":"krone-fruhlingshimmel","status":"publish","type":"product","link":"https:\/\/balberg.shop\/de\/produit\/couronne-ciel-de-printemps\/","title":{"rendered":"Krone - Fr\u00fchlingshimmel"},"content":{"rendered":"<p>Der Balberg shop Fr\u00fchlingskranz ist kuschelig weich und hat intensive Farben. Er eignet sich perfekt, um den Fr\u00fchling zu feiern, Ihren Jahreszeitentisch zu dekorieren oder einfach nur Spa\u00df zu haben.<br \/>\nDie Krone ist ein unverzichtbares Accessoire in der Verkleidungskiste von Kindern.<br \/>\nSie ist nat\u00fcrlich unisex und passt dank des Baumwollbandes, das am Hinterkopf gebunden wird, f\u00fcr alle Kopfgr\u00f6\u00dfen.<\/p>\n<p>Die Herstellung ist 100% Schurwolle, fest, langlebig, handgefertigt und mit all meiner Liebe.<br \/>\nDie Sonne, die Wolken und der Regenbogen werden mit der Nadel gefilzt.<\/p>\n<h4>Abmessungen<\/h4>\n<p>L\u00e4nge: 28 cm Breite: 11,5 cm<\/p>","protected":false},"excerpt":{"rendered":"<p>La couronne de printemps Balberg shop est toute douce et aux couleurs intenses. Elle est parfaite pour c\u00e9l\u00e9brer le printemps, d\u00e9corer votre table des saisons, ou pour s\u2019amuser simplement. La couronne est l\u2019accessoire incontournable de la malle \u00e0 d\u00e9guisement des enfants. Elle est bien s\u00fbr unisexe et convient \u00e0 toutes les tailles de t\u00eates gr\u00e2ce&#8230;<\/p>","protected":false},"featured_media":1482,"template":"","meta":{"_kad_blocks_custom_css":"","_kad_blocks_head_custom_js":"","_kad_blocks_body_custom_js":"","_kad_blocks_footer_custom_js":"","_kad_post_transparent":"default","_kad_post_title":"","_kad_post_layout":"default","_kad_post_sidebar_id":"","_kad_post_content_style":"default","_kad_post_vertical_padding":"default","_kad_post_feature":"","_kad_post_feature_position":"","_kad_post_header":false,"_kad_post_footer":false,"_kad_post_classname":"","footnotes":""},"product_cat":[20],"product_tag":[],"class_list":{"0":"post-520","1":"product","2":"type-product","3":"status-publish","4":"has-post-thumbnail","6":"product_cat-couronnes-en-feutrine","7":"post","9":"first","10":"onbackorder","11":"shipping-taxable","12":"purchasable","13":"product-type-simple","14":"entry","15":"content-bg","16":"loop-entry"},"taxonomy_info":{"product_cat":[{"value":20,"label":"Couronnes en feutrine"}]},"featured_image_src_large":["https:\/\/balberg.shop\/wp-content\/uploads\/sites\/3\/2025\/08\/IMG_3578-1024x683.jpeg",1024,683,true],"author_info":[],"comment_info":"","_links":{"self":[{"href":"https:\/\/balberg.shop\/de\/wp-json\/wp\/v2\/product\/520","targetHints":{"allow":["GET"]}}],"collection":[{"href":"https:\/\/balberg.shop\/de\/wp-json\/wp\/v2\/product"}],"about":[{"href":"https:\/\/balberg.shop\/de\/wp-json\/wp\/v2\/types\/product"}],"version-history":[{"count":0,"href":"https:\/\/balberg.shop\/de\/wp-json\/wp\/v2\/product\/520\/revisions"}],"wp:featuredmedia":[{"embeddable":true,"href":"https:\/\/balberg.shop\/de\/wp-json\/wp\/v2\/media\/1482"}],"wp:attachment":[{"href":"https:\/\/balberg.shop\/de\/wp-json\/wp\/v2\/media?parent=520"}],"wp:term":[{"taxonomy":"product_cat","embeddable":true,"href":"https:\/\/balberg.shop\/de\/wp-json\/wp\/v2\/product_cat?post=520"},{"taxonomy":"product_tag","embeddable":true,"href":"https:\/\/balberg.shop\/de\/wp-json\/wp\/v2\/product_tag?post=520"}],"curies":[{"name":"wp","href":"https:\/\/api.w.org\/{rel}","templated":true}]}}