{"id":514,"date":"2025-08-28T08:25:25","date_gmt":"2025-08-28T06:25:25","guid":{"rendered":"https:\/\/balberg.shop\/?post_type=product&#038;p=514"},"modified":"2026-03-22T09:33:07","modified_gmt":"2026-03-22T08:33:07","slug":"bebe-wal-naturwolle","status":"publish","type":"product","link":"https:\/\/balberg.shop\/de\/produit\/bebe-baleine-laine-naturelle\/","title":{"rendered":"Baby Wal - nat\u00fcrliche Wolle"},"content":{"rendered":"<h4>Abmessungen<\/h4>\n<p>Walfisch:L\u00e4nge: 16 cm. H\u00f6he: An der h\u00f6chsten Stelle \u2248 5 cm. Breite: von Flosse zu Flosse 5 cm.<\/p>","protected":false},"excerpt":{"rendered":"<p>Dimensions Baleineau:Longueur: 16 cm. Hauteur: au plus haut \u2248 5 cm. Largeur: de nageoire \u00e0 nageoire 5 cm<\/p>","protected":false},"featured_media":932,"template":"","meta":{"_kad_blocks_custom_css":"","_kad_blocks_head_custom_js":"","_kad_blocks_body_custom_js":"","_kad_blocks_footer_custom_js":"","_kad_post_transparent":"default","_kad_post_title":"","_kad_post_layout":"default","_kad_post_sidebar_id":"","_kad_post_content_style":"default","_kad_post_vertical_padding":"default","_kad_post_feature":"","_kad_post_feature_position":"","_kad_post_header":false,"_kad_post_footer":false,"_kad_post_classname":"","footnotes":""},"product_cat":[21],"product_tag":[],"class_list":{"0":"post-514","1":"product","2":"type-product","3":"status-publish","4":"has-post-thumbnail","6":"product_cat-figurines-jouets-en-feutrine","7":"post","9":"first","10":"onbackorder","11":"shipping-taxable","12":"purchasable","13":"product-type-simple","14":"entry","15":"content-bg","16":"loop-entry"},"taxonomy_info":{"product_cat":[{"value":21,"label":"Figurines &amp; Jouets en feutrine"}]},"featured_image_src_large":["https:\/\/balberg.shop\/wp-content\/uploads\/sites\/3\/2025\/08\/IMG_5779-1024x683.jpeg",1024,683,true],"author_info":[],"comment_info":"","_links":{"self":[{"href":"https:\/\/balberg.shop\/de\/wp-json\/wp\/v2\/product\/514","targetHints":{"allow":["GET"]}}],"collection":[{"href":"https:\/\/balberg.shop\/de\/wp-json\/wp\/v2\/product"}],"about":[{"href":"https:\/\/balberg.shop\/de\/wp-json\/wp\/v2\/types\/product"}],"version-history":[{"count":0,"href":"https:\/\/balberg.shop\/de\/wp-json\/wp\/v2\/product\/514\/revisions"}],"wp:featuredmedia":[{"embeddable":true,"href":"https:\/\/balberg.shop\/de\/wp-json\/wp\/v2\/media\/932"}],"wp:attachment":[{"href":"https:\/\/balberg.shop\/de\/wp-json\/wp\/v2\/media?parent=514"}],"wp:term":[{"taxonomy":"product_cat","embeddable":true,"href":"https:\/\/balberg.shop\/de\/wp-json\/wp\/v2\/product_cat?post=514"},{"taxonomy":"product_tag","embeddable":true,"href":"https:\/\/balberg.shop\/de\/wp-json\/wp\/v2\/product_tag?post=514"}],"curies":[{"name":"wp","href":"https:\/\/api.w.org\/{rel}","templated":true}]}}