{"id":510,"date":"2025-08-28T08:23:37","date_gmt":"2025-08-28T06:23:37","guid":{"rendered":"https:\/\/balberg.shop\/?post_type=product&#038;p=510"},"modified":"2026-03-22T09:33:37","modified_gmt":"2026-03-22T08:33:37","slug":"dolphin","status":"publish","type":"product","link":"https:\/\/balberg.shop\/de\/produit\/dauphin\/","title":{"rendered":"Delphin"},"content":{"rendered":"<p>Der Delfin verk\u00f6rpert die Freude und den Schalk.<br \/>\nDie leidenschaftliche und handwerkliche Herstellung f\u00fchrt zu leichten Abweichungen, die jedes St\u00fcck einzigartig und authentisch machen.<\/p>\n<h4>Abmessungen<\/h4>\n<p>L\u00e4nge: 18 cm. H\u00f6he: Von der Unterseite bis zur R\u00fcckenflosse \u2248 6,5 cm. Breite: 7 cm<\/p>","protected":false},"excerpt":{"rendered":"<p>Le dauphin incarne la joie et la malice. La fabrication passionn\u00e9e et artisanale donne de l\u00e9g\u00e8res variations rendant chaque pi\u00e8ce unique et authentique. Dimensions Longueur: 18 cm. Hauteur: du bas jusqu\u2019\u00e0 la nageoire dorsale \u2248 6,5 cm. Largeur: 7 cm<\/p>","protected":false},"featured_media":880,"template":"","meta":{"_kad_blocks_custom_css":"","_kad_blocks_head_custom_js":"","_kad_blocks_body_custom_js":"","_kad_blocks_footer_custom_js":"","_kad_post_transparent":"default","_kad_post_title":"","_kad_post_layout":"default","_kad_post_sidebar_id":"","_kad_post_content_style":"default","_kad_post_vertical_padding":"default","_kad_post_feature":"","_kad_post_feature_position":"","_kad_post_header":false,"_kad_post_footer":false,"_kad_post_classname":"","footnotes":""},"product_cat":[21],"product_tag":[],"class_list":{"0":"post-510","1":"product","2":"type-product","3":"status-publish","4":"has-post-thumbnail","6":"product_cat-figurines-jouets-en-feutrine","7":"post","9":"first","10":"onbackorder","11":"shipping-taxable","12":"purchasable","13":"product-type-simple","14":"entry","15":"content-bg","16":"loop-entry"},"taxonomy_info":{"product_cat":[{"value":21,"label":"Figurines &amp; Jouets en feutrine"}]},"featured_image_src_large":["https:\/\/balberg.shop\/wp-content\/uploads\/sites\/3\/2025\/08\/IMG_4185-Grande-1024x682.jpeg",1024,682,true],"author_info":[],"comment_info":"","_links":{"self":[{"href":"https:\/\/balberg.shop\/de\/wp-json\/wp\/v2\/product\/510","targetHints":{"allow":["GET"]}}],"collection":[{"href":"https:\/\/balberg.shop\/de\/wp-json\/wp\/v2\/product"}],"about":[{"href":"https:\/\/balberg.shop\/de\/wp-json\/wp\/v2\/types\/product"}],"version-history":[{"count":0,"href":"https:\/\/balberg.shop\/de\/wp-json\/wp\/v2\/product\/510\/revisions"}],"wp:featuredmedia":[{"embeddable":true,"href":"https:\/\/balberg.shop\/de\/wp-json\/wp\/v2\/media\/880"}],"wp:attachment":[{"href":"https:\/\/balberg.shop\/de\/wp-json\/wp\/v2\/media?parent=510"}],"wp:term":[{"taxonomy":"product_cat","embeddable":true,"href":"https:\/\/balberg.shop\/de\/wp-json\/wp\/v2\/product_cat?post=510"},{"taxonomy":"product_tag","embeddable":true,"href":"https:\/\/balberg.shop\/de\/wp-json\/wp\/v2\/product_tag?post=510"}],"curies":[{"name":"wp","href":"https:\/\/api.w.org\/{rel}","templated":true}]}}