{"id":508,"date":"2025-08-28T08:20:19","date_gmt":"2025-08-28T06:20:19","guid":{"rendered":"https:\/\/balberg.shop\/?post_type=product&#038;p=508"},"modified":"2026-03-22T09:33:56","modified_gmt":"2026-03-22T08:33:56","slug":"braunbar-aus-filz-und-sein-teddybar","status":"publish","type":"product","link":"https:\/\/balberg.shop\/de\/produit\/ours-brun-en-feutrine-et-son-ourson\/","title":{"rendered":"Braunb\u00e4r aus Filz und sein B\u00e4rchen"},"content":{"rendered":"<h6><span style=\"color: #993300\">* NEW DESIGN *<\/span><\/h6>\n<h4>Abmessungen<\/h4>\n<p><b>Brauner B\u00e4r aus Wollfilz 100% reine Merinowolle<\/b><br \/>\nL\u00e4nge: 17 cm. H\u00f6he: von den Ohren bis zu den Beinen 10 cm. Dicke \u2248 5 cm.<br \/>\n<b>Brauner B\u00e4r<\/b><br \/>\nL\u00e4nge: 9,5 cm. H\u00f6he: von den Ohren bis zu den Beinen 5,5 cm. Dicke \u2248 2,5 cm.<\/p>","protected":false},"excerpt":{"rendered":"<p>* NEUES DESIGN * Ma\u00dfe Brauner B\u00e4r aus Wollfilz 100% reine Merinowolle L\u00e4nge: 17 cm. H\u00f6he: von den Ohren bis zu den Pfoten 10 cm. Dicke \u2248 5 cm. Brauner Teddyb\u00e4r L\u00e4nge: 9,5 cm. H\u00f6he: von den Ohren bis zu den Pfoten 5,5 cm. Dicke \u2248 2,5 cm.<\/p>","protected":false},"featured_media":739,"template":"","meta":{"_kad_blocks_custom_css":"","_kad_blocks_head_custom_js":"","_kad_blocks_body_custom_js":"","_kad_blocks_footer_custom_js":"","_kad_post_transparent":"default","_kad_post_title":"","_kad_post_layout":"default","_kad_post_sidebar_id":"","_kad_post_content_style":"default","_kad_post_vertical_padding":"default","_kad_post_feature":"","_kad_post_feature_position":"","_kad_post_header":false,"_kad_post_footer":false,"_kad_post_classname":"","footnotes":""},"product_cat":[36,21,37],"product_tag":[],"class_list":{"0":"post-508","1":"product","2":"type-product","3":"status-publish","4":"has-post-thumbnail","6":"product_cat-automne","7":"product_cat-figurines-jouets-en-feutrine","8":"product_cat-nouveau","9":"post","11":"first","12":"onbackorder","13":"shipping-taxable","14":"purchasable","15":"product-type-simple","16":"entry","17":"content-bg","18":"loop-entry"},"taxonomy_info":{"product_cat":[{"value":36,"label":"Automne"},{"value":21,"label":"Figurines &amp; Jouets en feutrine"},{"value":37,"label":"Nouveau"}]},"featured_image_src_large":["https:\/\/balberg.shop\/wp-content\/uploads\/sites\/3\/2025\/08\/IMG_6316-Grande-1024x682.jpeg",1024,682,true],"author_info":[],"comment_info":"","_links":{"self":[{"href":"https:\/\/balberg.shop\/de\/wp-json\/wp\/v2\/product\/508","targetHints":{"allow":["GET"]}}],"collection":[{"href":"https:\/\/balberg.shop\/de\/wp-json\/wp\/v2\/product"}],"about":[{"href":"https:\/\/balberg.shop\/de\/wp-json\/wp\/v2\/types\/product"}],"version-history":[{"count":0,"href":"https:\/\/balberg.shop\/de\/wp-json\/wp\/v2\/product\/508\/revisions"}],"wp:featuredmedia":[{"embeddable":true,"href":"https:\/\/balberg.shop\/de\/wp-json\/wp\/v2\/media\/739"}],"wp:attachment":[{"href":"https:\/\/balberg.shop\/de\/wp-json\/wp\/v2\/media?parent=508"}],"wp:term":[{"taxonomy":"product_cat","embeddable":true,"href":"https:\/\/balberg.shop\/de\/wp-json\/wp\/v2\/product_cat?post=508"},{"taxonomy":"product_tag","embeddable":true,"href":"https:\/\/balberg.shop\/de\/wp-json\/wp\/v2\/product_tag?post=508"}],"curies":[{"name":"wp","href":"https:\/\/api.w.org\/{rel}","templated":true}]}}