{"id":502,"date":"2025-08-28T08:13:25","date_gmt":"2025-08-28T06:13:25","guid":{"rendered":"https:\/\/balberg.shop\/?post_type=product&#038;p=502"},"modified":"2026-03-22T09:34:16","modified_gmt":"2026-03-22T08:34:16","slug":"korsischer-ane","status":"publish","type":"product","link":"https:\/\/balberg.shop\/de\/produit\/ane-corse\/","title":{"rendered":"Korsischer Esel"},"content":{"rendered":"<p>Der Filz aus reiner Merinowolle ist ungef\u00e4rbt, da er aus den Farben der Vliese der Schafe gewonnen wird.<br \/>\nDie nat\u00fcrlichen Farbt\u00f6ne der Wolle verleihen dem Tier den Realismus, den das Kleinkind beim Aufbau seines Bildes von der Welt braucht.<br \/>\nDer Stoff und die N\u00e4hte sind stabil, damit das Kind sein Spielzeug frei und selbstbewusst investieren kann.<\/p>\n<p>Mit all meiner Liebe von Hand gen\u00e4ht und gefilzt, ist dieser kleine Esel bereit, seine ganze Z\u00e4rtlichkeit zu teilen. Die Tiere Balberg shop begleitet die Phantasie und bringt Freude.<\/p>\n<h4>Abmessungen<\/h4>\n<p>Korsikanischer Esel aus Wollfilz<br \/>\nL\u00e4nge: vom Kopf bis zum Schwanz 15 cm. H\u00f6he: von den Ohren bis zum Huf 16,5 cm. Dicke \u2248 4 cm.<\/p>","protected":false},"excerpt":{"rendered":"<p>La feutrine en pure laine m\u00e9rinos est sans teinture car elle est issue des couleurs des toisons des moutons. Les teintes naturelles de la laine conf\u00e8re \u00e0 l\u2019animal le r\u00e9alisme dont le petit enfant a besoin dans la construction de son image du monde. L\u2019\u00e9toffe et les coutures sont solides afin que l\u2019enfant investisse son&#8230;<\/p>","protected":false},"featured_media":953,"template":"","meta":{"_kad_blocks_custom_css":"","_kad_blocks_head_custom_js":"","_kad_blocks_body_custom_js":"","_kad_blocks_footer_custom_js":"","_kad_post_transparent":"default","_kad_post_title":"","_kad_post_layout":"default","_kad_post_sidebar_id":"","_kad_post_content_style":"default","_kad_post_vertical_padding":"default","_kad_post_feature":"","_kad_post_feature_position":"","_kad_post_header":false,"_kad_post_footer":false,"_kad_post_classname":"","footnotes":""},"product_cat":[21],"product_tag":[],"class_list":{"0":"post-502","1":"product","2":"type-product","3":"status-publish","4":"has-post-thumbnail","6":"product_cat-figurines-jouets-en-feutrine","7":"post","9":"first","10":"onbackorder","11":"shipping-taxable","12":"purchasable","13":"product-type-simple","14":"entry","15":"content-bg","16":"loop-entry"},"taxonomy_info":{"product_cat":[{"value":21,"label":"Figurines &amp; Jouets en feutrine"}]},"featured_image_src_large":["https:\/\/balberg.shop\/wp-content\/uploads\/sites\/3\/2025\/08\/IMG_6677-Grande-1024x682.jpeg",1024,682,true],"author_info":[],"comment_info":"","_links":{"self":[{"href":"https:\/\/balberg.shop\/de\/wp-json\/wp\/v2\/product\/502","targetHints":{"allow":["GET"]}}],"collection":[{"href":"https:\/\/balberg.shop\/de\/wp-json\/wp\/v2\/product"}],"about":[{"href":"https:\/\/balberg.shop\/de\/wp-json\/wp\/v2\/types\/product"}],"version-history":[{"count":0,"href":"https:\/\/balberg.shop\/de\/wp-json\/wp\/v2\/product\/502\/revisions"}],"wp:featuredmedia":[{"embeddable":true,"href":"https:\/\/balberg.shop\/de\/wp-json\/wp\/v2\/media\/953"}],"wp:attachment":[{"href":"https:\/\/balberg.shop\/de\/wp-json\/wp\/v2\/media?parent=502"}],"wp:term":[{"taxonomy":"product_cat","embeddable":true,"href":"https:\/\/balberg.shop\/de\/wp-json\/wp\/v2\/product_cat?post=502"},{"taxonomy":"product_tag","embeddable":true,"href":"https:\/\/balberg.shop\/de\/wp-json\/wp\/v2\/product_tag?post=502"}],"curies":[{"name":"wp","href":"https:\/\/api.w.org\/{rel}","templated":true}]}}