{"id":498,"date":"2025-08-27T11:04:50","date_gmt":"2025-08-27T09:04:50","guid":{"rendered":"https:\/\/balberg.shop\/?post_type=product&#038;p=498"},"modified":"2026-03-23T10:34:20","modified_gmt":"2026-03-23T09:34:20","slug":"blaue-mesange-aus-filz-zum-aufhangen","status":"publish","type":"product","link":"https:\/\/balberg.shop\/de\/produit\/mesange-bleue-en-feutrine-a-suspendre\/","title":{"rendered":"Blaumeise aus Filz zum Aufh\u00e4ngen"},"content":{"rendered":"<p>Die Blaumeise aus Filz von Balberg shop ist eine H\u00e4ngedekoration f\u00fcr den Jahreszeitentisch, das Kinderzimmer, den Weihnachtsbaum...<\/p>\n<p>Die Blaumeise aus Filz von Balberg shop ist ein handgefertigtes Dekorationsobjekt. Die handgefertigte Herstellung aus hochwertigem Wollfilz mit festen N\u00e4hten und ohne Klebstoff bietet Ihnen eine langlebige und gesunde Dekoration, mit der Sie die Poesie der Natur feiern k\u00f6nnen.<\/p>\n<h4>Abmessungen<\/h4>\n<p>8 x 4,5 x 2,5 cm<\/p>","protected":false},"excerpt":{"rendered":"<p>La m\u00e9sange bleue en feutrine Balberg shop est une suspension pour d\u00e9corer la table des saisons, la chambre de l\u2019enfant, le sapin de No\u00ebl\u2026 La m\u00e9sange bleue en feutrine Balberg shop est un objet de d\u00e9coration artisanal. La fabrication \u00e0 la main avec une feutrine de laine de qualit\u00e9, des coutures solides et sans colle,&#8230;<\/p>","protected":false},"featured_media":691,"template":"","meta":{"_kad_blocks_custom_css":"","_kad_blocks_head_custom_js":"","_kad_blocks_body_custom_js":"","_kad_blocks_footer_custom_js":"","_kad_post_transparent":"default","_kad_post_title":"","_kad_post_layout":"default","_kad_post_sidebar_id":"","_kad_post_content_style":"default","_kad_post_vertical_padding":"default","_kad_post_feature":"","_kad_post_feature_position":"","_kad_post_header":false,"_kad_post_footer":false,"_kad_post_classname":"","footnotes":""},"product_cat":[36,18,22,49],"product_tag":[],"class_list":{"0":"post-498","1":"product","2":"type-product","3":"status-publish","4":"has-post-thumbnail","6":"product_cat-automne","7":"product_cat-decoration-de-noel-en-feutrine","8":"product_cat-decorations-naturelles-a-suspendre","9":"product_cat-oiseaux-en-feutrine","10":"post","12":"first","13":"instock","14":"shipping-taxable","15":"purchasable","16":"product-type-simple","17":"entry","18":"content-bg","19":"loop-entry"},"taxonomy_info":{"product_cat":[{"value":36,"label":"Automne"},{"value":18,"label":"D\u00e9coration de No\u00ebl en feutrine"},{"value":22,"label":"D\u00e9corations naturelles \u00e0 suspendre"},{"value":49,"label":"Oiseaux en feutrine"}]},"featured_image_src_large":["https:\/\/balberg.shop\/wp-content\/uploads\/sites\/3\/2025\/08\/IMG_4835-Grande-1024x682.jpeg",1024,682,true],"author_info":[],"comment_info":"","_links":{"self":[{"href":"https:\/\/balberg.shop\/de\/wp-json\/wp\/v2\/product\/498","targetHints":{"allow":["GET"]}}],"collection":[{"href":"https:\/\/balberg.shop\/de\/wp-json\/wp\/v2\/product"}],"about":[{"href":"https:\/\/balberg.shop\/de\/wp-json\/wp\/v2\/types\/product"}],"version-history":[{"count":0,"href":"https:\/\/balberg.shop\/de\/wp-json\/wp\/v2\/product\/498\/revisions"}],"wp:featuredmedia":[{"embeddable":true,"href":"https:\/\/balberg.shop\/de\/wp-json\/wp\/v2\/media\/691"}],"wp:attachment":[{"href":"https:\/\/balberg.shop\/de\/wp-json\/wp\/v2\/media?parent=498"}],"wp:term":[{"taxonomy":"product_cat","embeddable":true,"href":"https:\/\/balberg.shop\/de\/wp-json\/wp\/v2\/product_cat?post=498"},{"taxonomy":"product_tag","embeddable":true,"href":"https:\/\/balberg.shop\/de\/wp-json\/wp\/v2\/product_tag?post=498"}],"curies":[{"name":"wp","href":"https:\/\/api.w.org\/{rel}","templated":true}]}}