{"id":477,"date":"2025-08-27T10:38:54","date_gmt":"2025-08-27T08:38:54","guid":{"rendered":"https:\/\/balberg.shop\/?post_type=product&#038;p=477"},"modified":"2026-03-23T10:32:44","modified_gmt":"2026-03-23T09:32:44","slug":"rassel-vogel-piou-piou-grun-und-rosa","status":"publish","type":"product","link":"https:\/\/balberg.shop\/de\/produit\/hochet-oiseau-piou-piou-vert-et-rose\/","title":{"rendered":"Rassel Vogel - piou piou - gr\u00fcn und rosa"},"content":{"rendered":"<p>Entdecken Sie die Vogelrassel aus Wollfilz, die in Frankreich handgefertigt wurde. Ein einfaches und originelles Design, nat\u00fcrliche und edle Materialien f\u00fcr eine unvergleichliche Festigkeit und Sch\u00f6nheit. Fr\u00f6hliche Stunden des Hantierens und Entdeckens, bei denen das kleine Piu Piu des im Inneren versteckten Krachmachers entweicht. Schenken Sie Ihrem Baby dieses farbenfrohe und poetische Spielzeug, um seine Sinne zu wecken und seine Fantasie anzuregen. Piep, piep!<\/p>\n<h5>Abmessungen<\/h5>\n<p>Vogel-Rassel mit Krachmacher Piou-piou gr\u00fcn und rosa<br \/>\nL\u00e4nge: Vom Schnabel bis zum Schwanz 12,5 cm. H\u00f6he: 7 cm. Dicke: 3,5 cm.<\/p>","protected":false},"excerpt":{"rendered":"<p>D\u00e9couvrez le hochet oiseau en feutrine de laine, fabriqu\u00e9 \u00e0 la main en France. Un design simple et original, des mati\u00e8res naturelles et nobles pour une solidit\u00e9 et une beaut\u00e9 incomparables. De joyeuses heures de manipulations et de d\u00e9couvertes laissant \u00e9chapper le petit piou piou du bruiteur cach\u00e9 \u00e0 l\u2019int\u00e9rieur. Offrez \u00e0 votre b\u00e9b\u00e9 ce&#8230;<\/p>","protected":false},"featured_media":720,"template":"","meta":{"_kad_blocks_custom_css":"","_kad_blocks_head_custom_js":"","_kad_blocks_body_custom_js":"","_kad_blocks_footer_custom_js":"","_kad_post_transparent":"default","_kad_post_title":"","_kad_post_layout":"default","_kad_post_sidebar_id":"","_kad_post_content_style":"default","_kad_post_vertical_padding":"default","_kad_post_feature":"","_kad_post_feature_position":"","_kad_post_header":false,"_kad_post_footer":false,"_kad_post_classname":"","footnotes":""},"product_cat":[35,16,49],"product_tag":[],"class_list":{"0":"post-477","1":"product","2":"type-product","3":"status-publish","4":"has-post-thumbnail","6":"product_cat-jouets-libres-jouets-d-eveil","7":"product_cat-non-classe","8":"product_cat-oiseaux-en-feutrine","9":"post","11":"first","12":"onbackorder","13":"shipping-taxable","14":"purchasable","15":"product-type-simple","16":"entry","17":"content-bg","18":"loop-entry"},"taxonomy_info":{"product_cat":[{"value":35,"label":"Jouets libres | Jouets d'\u00e9veil"},{"value":16,"label":"Non class\u00e9"},{"value":49,"label":"Oiseaux en feutrine"}]},"featured_image_src_large":["https:\/\/balberg.shop\/wp-content\/uploads\/sites\/3\/2025\/08\/IMG_5330-Grande-1024x682.jpeg",1024,682,true],"author_info":[],"comment_info":"","_links":{"self":[{"href":"https:\/\/balberg.shop\/de\/wp-json\/wp\/v2\/product\/477","targetHints":{"allow":["GET"]}}],"collection":[{"href":"https:\/\/balberg.shop\/de\/wp-json\/wp\/v2\/product"}],"about":[{"href":"https:\/\/balberg.shop\/de\/wp-json\/wp\/v2\/types\/product"}],"version-history":[{"count":0,"href":"https:\/\/balberg.shop\/de\/wp-json\/wp\/v2\/product\/477\/revisions"}],"wp:featuredmedia":[{"embeddable":true,"href":"https:\/\/balberg.shop\/de\/wp-json\/wp\/v2\/media\/720"}],"wp:attachment":[{"href":"https:\/\/balberg.shop\/de\/wp-json\/wp\/v2\/media?parent=477"}],"wp:term":[{"taxonomy":"product_cat","embeddable":true,"href":"https:\/\/balberg.shop\/de\/wp-json\/wp\/v2\/product_cat?post=477"},{"taxonomy":"product_tag","embeddable":true,"href":"https:\/\/balberg.shop\/de\/wp-json\/wp\/v2\/product_tag?post=477"}],"curies":[{"name":"wp","href":"https:\/\/api.w.org\/{rel}","templated":true}]}}