{"id":471,"date":"2025-08-26T21:47:52","date_gmt":"2025-08-26T19:47:52","guid":{"rendered":"https:\/\/balberg.shop\/?post_type=product&#038;p=471"},"modified":"2026-03-22T09:39:23","modified_gmt":"2026-03-22T08:39:23","slug":"mobile-aus-filz-wal-und-koralle","status":"publish","type":"product","link":"https:\/\/balberg.shop\/de\/produit\/mobile-en-feutrine-baleine-et-corail\/","title":{"rendered":"Mobile aus Filz - Wal und Koralle"},"content":{"rendered":"<p>Das Mobile Baby Walfisch aus Filz besteht aus einer Koralle, kleinen farbigen Formen in Harmonie, einem Walfisch und einem kleinen rosa und orangefarbenen Seestern. Leichte Abweichungen sind der Beweis f\u00fcr eine au\u00dfergew\u00f6hnliche Qualit\u00e4t, die jedes St\u00fcck einzigartig, authentisch und vibrierend macht.<\/p>\n<p>Schenken Sie eine s\u00fc\u00dfe und fr\u00f6hliche Dekoration aus nat\u00fcrlichen Materialien f\u00fcr ein originelles Geschenk zur Geburt. Das Filzmobile Wal und Koralle besteht aus 100% Wolle, auch die F\u00fcllung, und ist nach \u00d6ko-Tex 100 zertifiziert, was eine ungiftige Dekoration in der Umgebung des Babys erm\u00f6glicht.<br \/>\nBalberg shop setzt sich f\u00fcr den Schutz der Gesundheit von Kindern ein, indem er sch\u00f6nes, nat\u00fcrliches, handgemachtes Spielzeug 100% - ohne Plastik, ohne Klebstoff - anbietet, das in Frankreich in menschlichem Ma\u00dfstab hergestellt wird.<br \/>\nMit diesem Mobile stellt Balberg shop einmal mehr die Lebendigkeit und die Poesie der Kindheit in den Mittelpunkt.<\/p>\n<h4>Abmessungen<\/h4>\n<p>Das Mobile aus Filz Wal und Koralle ist \u2248 60 cm lang<br \/>\nWalfisch: L\u00e4nge: 16 cm. H\u00f6he: An der h\u00f6chsten Stelle \u2248 4,5 cm. Breite: Schwanz und Flosse zu Flosse 11 cm.<\/p>","protected":false},"excerpt":{"rendered":"<p>Le mobile b\u00e9b\u00e9 baleine en feutrine est compos\u00e9 d\u2019un corail, de petites formes color\u00e9es en harmonie, d\u2019un baleineau et d\u2019une petite \u00e9toile de mer rose et orange. De l\u00e9g\u00e8res variations sont la preuve d\u2019une qualit\u00e9 exceptionnelle qui rendent chaque pi\u00e8ce unique, authentique et vibrante. Offrez une d\u00e9coration douce et joyeuse en mat\u00e9riaux naturels pour un&#8230;<\/p>","protected":false},"featured_media":947,"template":"","meta":{"_kad_blocks_custom_css":"","_kad_blocks_head_custom_js":"","_kad_blocks_body_custom_js":"","_kad_blocks_footer_custom_js":"","_kad_post_transparent":"default","_kad_post_title":"","_kad_post_layout":"default","_kad_post_sidebar_id":"","_kad_post_content_style":"default","_kad_post_vertical_padding":"default","_kad_post_feature":"","_kad_post_feature_position":"","_kad_post_header":false,"_kad_post_footer":false,"_kad_post_classname":"","footnotes":""},"product_cat":[17],"product_tag":[],"class_list":{"0":"post-471","1":"product","2":"type-product","3":"status-publish","4":"has-post-thumbnail","6":"product_cat-mobiles-en-feutrine","7":"post","9":"first","10":"onbackorder","11":"shipping-taxable","12":"purchasable","13":"product-type-simple","14":"entry","15":"content-bg","16":"loop-entry"},"taxonomy_info":{"product_cat":[{"value":17,"label":"Mobiles en feutrine"}]},"featured_image_src_large":["https:\/\/balberg.shop\/wp-content\/uploads\/sites\/3\/2025\/08\/IMG_6664-Grande-1024x682.jpeg",1024,682,true],"author_info":[],"comment_info":"","_links":{"self":[{"href":"https:\/\/balberg.shop\/de\/wp-json\/wp\/v2\/product\/471","targetHints":{"allow":["GET"]}}],"collection":[{"href":"https:\/\/balberg.shop\/de\/wp-json\/wp\/v2\/product"}],"about":[{"href":"https:\/\/balberg.shop\/de\/wp-json\/wp\/v2\/types\/product"}],"version-history":[{"count":0,"href":"https:\/\/balberg.shop\/de\/wp-json\/wp\/v2\/product\/471\/revisions"}],"wp:featuredmedia":[{"embeddable":true,"href":"https:\/\/balberg.shop\/de\/wp-json\/wp\/v2\/media\/947"}],"wp:attachment":[{"href":"https:\/\/balberg.shop\/de\/wp-json\/wp\/v2\/media?parent=471"}],"wp:term":[{"taxonomy":"product_cat","embeddable":true,"href":"https:\/\/balberg.shop\/de\/wp-json\/wp\/v2\/product_cat?post=471"},{"taxonomy":"product_tag","embeddable":true,"href":"https:\/\/balberg.shop\/de\/wp-json\/wp\/v2\/product_tag?post=471"}],"curies":[{"name":"wp","href":"https:\/\/api.w.org\/{rel}","templated":true}]}}