{"id":462,"date":"2025-08-26T21:37:07","date_gmt":"2025-08-26T19:37:07","guid":{"rendered":"https:\/\/balberg.shop\/?post_type=product&#038;p=462"},"modified":"2026-03-22T09:40:09","modified_gmt":"2026-03-22T08:40:09","slug":"handgefertigtes-korsisches-wildschwein","status":"publish","type":"product","link":"https:\/\/balberg.shop\/de\/produit\/sanglier-corse-fait-main\/","title":{"rendered":"Handgefertigtes korsisches Wildschwein"},"content":{"rendered":"<p>Sie haben mich schon lange danach gefragt, jetzt ist es da: das handgemachte korsische Wildschwein aus dem Balberg Shop!<br \/>\nDiese \u00f6kologische Pl\u00fcschfigur eines korsischen Wildschweins ist ein echter Hingucker! Es ist die erste korsische Wildschweinfigur aus Naturtextilien, die ausschlie\u00dflich aus Merinowolle besteht, was dieses Spielzeug nat\u00fcrlich und ungiftig macht. Es kann auf Ihrem Regal als zeitlose Innendekoration stehen oder sich zu den Spieltierfiguren Ihres Kindes gesellen.<\/p>\n<h4>Abmessungen<\/h4>\n<p>Handgefertigtes korsisches Wildschwein aus Wollfilz<br \/>\nL\u00e4nge: 13 cm. H\u00f6he: 8,5 cm. Dicke \u2248 3,5 cm.<\/p>","protected":false},"excerpt":{"rendered":"<p>Sie haben mich schon lange danach gefragt und nun ist es da: das handgefertigte korsische Wildschwein aus dem Balberg Shop! Sie k\u00f6nnen sich auf die sanfte und wilde Pr\u00e4senz dieses \u00f6kologischen Pl\u00fcschtiers des korsischen Wildschweins verlassen! Es ist die erste korsische Wildschweinfigur aus Naturtextilien, die ausschlie\u00dflich aus Merinowolle besteht, was dieses Spielzeug nat\u00fcrlich und...<\/p>","protected":false},"featured_media":709,"template":"","meta":{"_kad_blocks_custom_css":"","_kad_blocks_head_custom_js":"","_kad_blocks_body_custom_js":"","_kad_blocks_footer_custom_js":"","_kad_post_transparent":"default","_kad_post_title":"","_kad_post_layout":"default","_kad_post_sidebar_id":"","_kad_post_content_style":"default","_kad_post_vertical_padding":"default","_kad_post_feature":"","_kad_post_feature_position":"","_kad_post_header":false,"_kad_post_footer":false,"_kad_post_classname":"","footnotes":""},"product_cat":[36,21],"product_tag":[],"class_list":{"0":"post-462","1":"product","2":"type-product","3":"status-publish","4":"has-post-thumbnail","6":"product_cat-automne","7":"product_cat-figurines-jouets-en-feutrine","8":"post","10":"first","11":"instock","12":"shipping-taxable","13":"purchasable","14":"product-type-simple","15":"entry","16":"content-bg","17":"loop-entry"},"taxonomy_info":{"product_cat":[{"value":36,"label":"Automne"},{"value":21,"label":"Figurines &amp; Jouets en feutrine"}]},"featured_image_src_large":["https:\/\/balberg.shop\/wp-content\/uploads\/sites\/3\/2025\/08\/IMG_5730-Grande-1024x682.jpeg",1024,682,true],"author_info":[],"comment_info":"","_links":{"self":[{"href":"https:\/\/balberg.shop\/de\/wp-json\/wp\/v2\/product\/462","targetHints":{"allow":["GET"]}}],"collection":[{"href":"https:\/\/balberg.shop\/de\/wp-json\/wp\/v2\/product"}],"about":[{"href":"https:\/\/balberg.shop\/de\/wp-json\/wp\/v2\/types\/product"}],"version-history":[{"count":0,"href":"https:\/\/balberg.shop\/de\/wp-json\/wp\/v2\/product\/462\/revisions"}],"wp:featuredmedia":[{"embeddable":true,"href":"https:\/\/balberg.shop\/de\/wp-json\/wp\/v2\/media\/709"}],"wp:attachment":[{"href":"https:\/\/balberg.shop\/de\/wp-json\/wp\/v2\/media?parent=462"}],"wp:term":[{"taxonomy":"product_cat","embeddable":true,"href":"https:\/\/balberg.shop\/de\/wp-json\/wp\/v2\/product_cat?post=462"},{"taxonomy":"product_tag","embeddable":true,"href":"https:\/\/balberg.shop\/de\/wp-json\/wp\/v2\/product_tag?post=462"}],"curies":[{"name":"wp","href":"https:\/\/api.w.org\/{rel}","templated":true}]}}