{"id":458,"date":"2025-08-26T21:32:53","date_gmt":"2025-08-26T19:32:53","guid":{"rendered":"https:\/\/balberg.shop\/?post_type=product&#038;p=458"},"modified":"2026-03-22T09:40:51","modified_gmt":"2026-03-22T08:40:51","slug":"mobile-aus-filz-wal-mond-und-sterne","status":"publish","type":"product","link":"https:\/\/balberg.shop\/de\/produit\/mobile-en-feutrine-baleine-lune-et-etoiles\/","title":{"rendered":"Mobile aus Filz Wal - Mond und Sterne"},"content":{"rendered":"<h4>Abmessungen:<\/h4>\n<p>Mobile aus Filz Wal<br \/>\n60 cm x 20 cm<\/p>","protected":false},"excerpt":{"rendered":"<p>Offrez au tout-petit des moments d\u2019\u00e9veil po\u00e9tiques avec nos mobiles faits-main en feutrine pure laine.<br \/>\nAvec ce joli mobile en feutrine baleine, lune et \u00e9toiles c\u2019est tout un monde onirique qui s\u2019ouvre au b\u00e9b\u00e9. Le mobile est compos\u00e9 de formes simples et reconnaissables aux couleurs douces et joyeuses.<br \/>\nC\u2019est un cadeau unique d\u2019une qualit\u00e9 exceptionnelle pour une naissance par exemple, vous serez s\u00fbr\u2022e de faire plaisir!<\/p>","protected":false},"featured_media":945,"template":"","meta":{"_kad_blocks_custom_css":"","_kad_blocks_head_custom_js":"","_kad_blocks_body_custom_js":"","_kad_blocks_footer_custom_js":"","_kad_post_transparent":"default","_kad_post_title":"","_kad_post_layout":"default","_kad_post_sidebar_id":"","_kad_post_content_style":"default","_kad_post_vertical_padding":"default","_kad_post_feature":"","_kad_post_feature_position":"","_kad_post_header":false,"_kad_post_footer":false,"_kad_post_classname":"","footnotes":""},"product_cat":[39,17],"product_tag":[],"class_list":{"0":"post-458","1":"product","2":"type-product","3":"status-publish","4":"has-post-thumbnail","6":"product_cat-hiver","7":"product_cat-mobiles-en-feutrine","8":"post","10":"first","11":"onbackorder","12":"shipping-taxable","13":"purchasable","14":"product-type-simple","15":"entry","16":"content-bg","17":"loop-entry"},"taxonomy_info":{"product_cat":[{"value":39,"label":"Hiver"},{"value":17,"label":"Mobiles en feutrine"}]},"featured_image_src_large":["https:\/\/balberg.shop\/wp-content\/uploads\/sites\/3\/2025\/08\/IMG_6659-Grande-1024x682.jpeg",1024,682,true],"author_info":[],"comment_info":"","_links":{"self":[{"href":"https:\/\/balberg.shop\/de\/wp-json\/wp\/v2\/product\/458","targetHints":{"allow":["GET"]}}],"collection":[{"href":"https:\/\/balberg.shop\/de\/wp-json\/wp\/v2\/product"}],"about":[{"href":"https:\/\/balberg.shop\/de\/wp-json\/wp\/v2\/types\/product"}],"version-history":[{"count":0,"href":"https:\/\/balberg.shop\/de\/wp-json\/wp\/v2\/product\/458\/revisions"}],"wp:featuredmedia":[{"embeddable":true,"href":"https:\/\/balberg.shop\/de\/wp-json\/wp\/v2\/media\/945"}],"wp:attachment":[{"href":"https:\/\/balberg.shop\/de\/wp-json\/wp\/v2\/media?parent=458"}],"wp:term":[{"taxonomy":"product_cat","embeddable":true,"href":"https:\/\/balberg.shop\/de\/wp-json\/wp\/v2\/product_cat?post=458"},{"taxonomy":"product_tag","embeddable":true,"href":"https:\/\/balberg.shop\/de\/wp-json\/wp\/v2\/product_tag?post=458"}],"curies":[{"name":"wp","href":"https:\/\/api.w.org\/{rel}","templated":true}]}}