{"id":456,"date":"2025-08-26T21:29:01","date_gmt":"2025-08-26T19:29:01","guid":{"rendered":"https:\/\/balberg.shop\/?post_type=product&#038;p=456"},"modified":"2026-03-22T09:41:01","modified_gmt":"2026-03-22T08:41:01","slug":"mobile-aus-filz-pferd-landschaft","status":"publish","type":"product","link":"https:\/\/balberg.shop\/de\/produit\/mobile-en-feutrine-cheval-paysage\/","title":{"rendered":"Mobile aus Filz Pferd - Landschaft"},"content":{"rendered":"<p>Ein originelles Mobile mit einem kleinen braunen Pferd, das zwischen bunten Formen schwebt, die an eine ausgeschnittene Landschaft, die Sonne, den Horizont ... erinnern. Jedes Element ist aus hochwertigem Filz gefertigt und verleiht dem Zimmer Ihres Kindes einen Hauch von Poesie und Sanftheit. Dieses einzigartige Mobile fesselt die Aufmerksamkeit und regt die Vorstellungskraft des Kindes an. Die Landschaftsformen haben auf jeder Seite eine andere Farbe, so dass die Bewegung des Mobiles eine neue, immer harmonische und poetische Kombination zusammenstellt. Das schelmische Pferdchen reitet durch die Heide \u00fcber den Horizont zu Ihrem Haus.<\/p>\n<h4>Abmessungen<\/h4>\n<p>Mobile aus Filz Pferd Landschaft<br \/>\n60 cm x 20 cm<\/p>","protected":false},"excerpt":{"rendered":"<p>Un mobile original repr\u00e9sentant un petit cheval brun, flottant parmi des formes color\u00e9es qui \u00e9voquent un paysage d\u00e9coup\u00e9, le soleil, l\u2019horizon\u2026 Chaque \u00e9l\u00e9ment, r\u00e9alis\u00e9 avec de la feutrine de haute qualit\u00e9, donne une touche de po\u00e9sie et de douceur \u00e0 la chambre de votre enfant. Ce mobile unique captive l\u2019attention et stimule son imaginaire. Les&#8230;<\/p>","protected":false},"featured_media":1480,"template":"","meta":{"_kad_blocks_custom_css":"","_kad_blocks_head_custom_js":"","_kad_blocks_body_custom_js":"","_kad_blocks_footer_custom_js":"","_kad_post_transparent":"default","_kad_post_title":"","_kad_post_layout":"default","_kad_post_sidebar_id":"","_kad_post_content_style":"default","_kad_post_vertical_padding":"default","_kad_post_feature":"","_kad_post_feature_position":"","_kad_post_header":false,"_kad_post_footer":false,"_kad_post_classname":"","footnotes":""},"product_cat":[17],"product_tag":[],"class_list":{"0":"post-456","1":"product","2":"type-product","3":"status-publish","4":"has-post-thumbnail","6":"product_cat-mobiles-en-feutrine","7":"post","9":"first","10":"onbackorder","11":"shipping-taxable","12":"purchasable","13":"product-type-simple","14":"entry","15":"content-bg","16":"loop-entry"},"taxonomy_info":{"product_cat":[{"value":17,"label":"Mobiles en feutrine"}]},"featured_image_src_large":["https:\/\/balberg.shop\/wp-content\/uploads\/sites\/3\/2025\/08\/IMG_5410-1024x683.jpeg",1024,683,true],"author_info":[],"comment_info":"","_links":{"self":[{"href":"https:\/\/balberg.shop\/de\/wp-json\/wp\/v2\/product\/456","targetHints":{"allow":["GET"]}}],"collection":[{"href":"https:\/\/balberg.shop\/de\/wp-json\/wp\/v2\/product"}],"about":[{"href":"https:\/\/balberg.shop\/de\/wp-json\/wp\/v2\/types\/product"}],"version-history":[{"count":0,"href":"https:\/\/balberg.shop\/de\/wp-json\/wp\/v2\/product\/456\/revisions"}],"wp:featuredmedia":[{"embeddable":true,"href":"https:\/\/balberg.shop\/de\/wp-json\/wp\/v2\/media\/1480"}],"wp:attachment":[{"href":"https:\/\/balberg.shop\/de\/wp-json\/wp\/v2\/media?parent=456"}],"wp:term":[{"taxonomy":"product_cat","embeddable":true,"href":"https:\/\/balberg.shop\/de\/wp-json\/wp\/v2\/product_cat?post=456"},{"taxonomy":"product_tag","embeddable":true,"href":"https:\/\/balberg.shop\/de\/wp-json\/wp\/v2\/product_tag?post=456"}],"curies":[{"name":"wp","href":"https:\/\/api.w.org\/{rel}","templated":true}]}}