{"id":448,"date":"2025-08-26T21:20:26","date_gmt":"2025-08-26T19:20:26","guid":{"rendered":"https:\/\/balberg.shop\/?post_type=product&#038;p=448"},"modified":"2026-03-22T09:41:39","modified_gmt":"2026-03-22T08:41:39","slug":"girlande-aus-filzherzen","status":"publish","type":"product","link":"https:\/\/balberg.shop\/de\/produit\/guirlande-de-coeurs-en-feutrine\/","title":{"rendered":"Girlande aus Filzherzen"},"content":{"rendered":"<p>Die Herzgirlande aus Filz besteht aus puderrosa, zinnoberroten und dunkelroten Herzen... Eine Dekoration f\u00fcr das Schlafzimmer, das Wohnzimmer oder den Garten, eine Girlande aus Wollfilz f\u00fcr den Valentinstag oder das n\u00e4chste Weihnachten... W\u00e4hlen Sie die sanften und intensiven Farben von Balberg shop, um Tr\u00e4ume und Z\u00e4rtlichkeit in Ihr Zuhause zu bringen.<br \/>\nInstallieren Sie diese Herzgirlande vertikal oder horizontal.<\/p>\n<h3>Abmessungen<\/h3>\n<p>Girlande aus Filzherzen<br \/>\nL\u00e4nge: 150 cm<\/p>","protected":false},"excerpt":{"rendered":"<p>La guirlande de c\u0153urs en feutrine est compos\u00e9e de c\u0153urs rose poudr\u00e9, rouge vermillon et rouge fonc\u00e9\u2026 Une d\u00e9coration pour la chambre, le s\u00e9jour ou le jardin, une guirlande en feutrine de laine pour la St Valentin ou pour No\u00ebl prochain\u2026 Choisissez les couleurs douces et intenses Balberg shop pour apporter du r\u00eave et de&#8230;<\/p>","protected":false},"featured_media":1707,"template":"","meta":{"_kad_blocks_custom_css":"","_kad_blocks_head_custom_js":"","_kad_blocks_body_custom_js":"","_kad_blocks_footer_custom_js":"","_kad_post_transparent":"default","_kad_post_title":"","_kad_post_layout":"default","_kad_post_sidebar_id":"","_kad_post_content_style":"default","_kad_post_vertical_padding":"default","_kad_post_feature":"","_kad_post_feature_position":"","_kad_post_header":false,"_kad_post_footer":false,"_kad_post_classname":"","footnotes":""},"product_cat":[23,18],"product_tag":[],"class_list":{"0":"post-448","1":"product","2":"type-product","3":"status-publish","4":"has-post-thumbnail","6":"product_cat-guirlande-de-feutrine","7":"product_cat-decoration-de-noel-en-feutrine","8":"post","10":"first","11":"onbackorder","12":"shipping-taxable","13":"purchasable","14":"product-type-simple","15":"entry","16":"content-bg","17":"loop-entry"},"taxonomy_info":{"product_cat":[{"value":23,"label":"Guirlande de feutrine"},{"value":18,"label":"D\u00e9coration de No\u00ebl en feutrine"}]},"featured_image_src_large":["https:\/\/balberg.shop\/wp-content\/uploads\/sites\/3\/2025\/08\/IMG_6884-1024x683.jpeg",1024,683,true],"author_info":[],"comment_info":"","_links":{"self":[{"href":"https:\/\/balberg.shop\/de\/wp-json\/wp\/v2\/product\/448","targetHints":{"allow":["GET"]}}],"collection":[{"href":"https:\/\/balberg.shop\/de\/wp-json\/wp\/v2\/product"}],"about":[{"href":"https:\/\/balberg.shop\/de\/wp-json\/wp\/v2\/types\/product"}],"version-history":[{"count":0,"href":"https:\/\/balberg.shop\/de\/wp-json\/wp\/v2\/product\/448\/revisions"}],"wp:featuredmedia":[{"embeddable":true,"href":"https:\/\/balberg.shop\/de\/wp-json\/wp\/v2\/media\/1707"}],"wp:attachment":[{"href":"https:\/\/balberg.shop\/de\/wp-json\/wp\/v2\/media?parent=448"}],"wp:term":[{"taxonomy":"product_cat","embeddable":true,"href":"https:\/\/balberg.shop\/de\/wp-json\/wp\/v2\/product_cat?post=448"},{"taxonomy":"product_tag","embeddable":true,"href":"https:\/\/balberg.shop\/de\/wp-json\/wp\/v2\/product_tag?post=448"}],"curies":[{"name":"wp","href":"https:\/\/api.w.org\/{rel}","templated":true}]}}