{"id":446,"date":"2025-08-26T21:17:19","date_gmt":"2025-08-26T19:17:19","guid":{"rendered":"https:\/\/balberg.shop\/?post_type=product&#038;p=446"},"modified":"2026-03-22T09:51:00","modified_gmt":"2026-03-22T08:51:00","slug":"korsisches-mufflon","status":"publish","type":"product","link":"https:\/\/balberg.shop\/de\/produit\/mouflon-corse\/","title":{"rendered":"Korsisches Mufflon"},"content":{"rendered":"<p><span style=\"font-family: var(--global-body-font-family)\">Inmitten der wilden und grandiosen Landschaften Korsikas, wo die Natur ihre ganze Pracht entfaltet, offenbart sich das korsische Mufflon, das Symbol der wilden Sch\u00f6nheit. Es ist nicht einfach nur ein Spielzeug, sondern eine Hommage an die Poesie der Natur, eine Einladung zum Erforschen und Tr\u00e4umen.<\/span><\/p>\n<h4>Abmessungen<\/h4>\n<p>13,5 x 12,5 x 3,5 cm<\/p>","protected":false},"excerpt":{"rendered":"<p>Au c\u0153ur des paysages sauvages et grandioses de Corse, o\u00f9 la nature r\u00e9v\u00e8le toute sa splendeur, le mouflon corse, symbole de la beaut\u00e9 sauvage, se r\u00e9v\u00e8le. Ce n\u2019est pas simplement un jouet, mais un hommage \u00e0 la po\u00e9sie de la nature, une invitation \u00e0 explorer et \u00e0 r\u00eaver. Dimensions 13,5 x 12,5 x 3,5 cm<\/p>","protected":false},"featured_media":775,"template":"","meta":{"_kad_blocks_custom_css":"","_kad_blocks_head_custom_js":"","_kad_blocks_body_custom_js":"","_kad_blocks_footer_custom_js":"","_kad_post_transparent":"default","_kad_post_title":"","_kad_post_layout":"default","_kad_post_sidebar_id":"","_kad_post_content_style":"default","_kad_post_vertical_padding":"default","_kad_post_feature":"","_kad_post_feature_position":"","_kad_post_header":false,"_kad_post_footer":false,"_kad_post_classname":"","footnotes":""},"product_cat":[36,21,39],"product_tag":[],"class_list":{"0":"post-446","1":"product","2":"type-product","3":"status-publish","4":"has-post-thumbnail","6":"product_cat-automne","7":"product_cat-figurines-jouets-en-feutrine","8":"product_cat-hiver","9":"post","11":"first","12":"onbackorder","13":"shipping-taxable","14":"purchasable","15":"product-type-simple","16":"entry","17":"content-bg","18":"loop-entry"},"taxonomy_info":{"product_cat":[{"value":36,"label":"Automne"},{"value":21,"label":"Figurines &amp; Jouets en feutrine"},{"value":39,"label":"Hiver"}]},"featured_image_src_large":["https:\/\/balberg.shop\/wp-content\/uploads\/sites\/3\/2025\/08\/IMG_6247-Grande-1024x682.jpeg",1024,682,true],"author_info":[],"comment_info":"","_links":{"self":[{"href":"https:\/\/balberg.shop\/de\/wp-json\/wp\/v2\/product\/446","targetHints":{"allow":["GET"]}}],"collection":[{"href":"https:\/\/balberg.shop\/de\/wp-json\/wp\/v2\/product"}],"about":[{"href":"https:\/\/balberg.shop\/de\/wp-json\/wp\/v2\/types\/product"}],"version-history":[{"count":0,"href":"https:\/\/balberg.shop\/de\/wp-json\/wp\/v2\/product\/446\/revisions"}],"wp:featuredmedia":[{"embeddable":true,"href":"https:\/\/balberg.shop\/de\/wp-json\/wp\/v2\/media\/775"}],"wp:attachment":[{"href":"https:\/\/balberg.shop\/de\/wp-json\/wp\/v2\/media?parent=446"}],"wp:term":[{"taxonomy":"product_cat","embeddable":true,"href":"https:\/\/balberg.shop\/de\/wp-json\/wp\/v2\/product_cat?post=446"},{"taxonomy":"product_tag","embeddable":true,"href":"https:\/\/balberg.shop\/de\/wp-json\/wp\/v2\/product_tag?post=446"}],"curies":[{"name":"wp","href":"https:\/\/api.w.org\/{rel}","templated":true}]}}