{"id":444,"date":"2025-08-26T21:14:16","date_gmt":"2025-08-26T19:14:16","guid":{"rendered":"https:\/\/balberg.shop\/?post_type=product&#038;p=444"},"modified":"2026-03-22T09:42:10","modified_gmt":"2026-03-22T08:42:10","slug":"koniglicher-milan-korsisch","status":"publish","type":"product","link":"https:\/\/balberg.shop\/de\/produit\/milan-royal-corse\/","title":{"rendered":"Korsischer Rotmilan"},"content":{"rendered":"<p>Ein Flug der Poesie aus Korsika: Der Rotmilan, das neue nat\u00fcrliche Spielzeug f\u00fcr Ihr Kind!<br \/>\nStellen Sie sich vor... Der durchdringende Schrei des Milans, die wilde Sch\u00f6nheit der korsischen Berge und die unvergleichliche Weichheit der Merinowolle. Erleben Sie diese Gef\u00fchle noch einmal mit unserem korsischen Milan Royal, einem einzigartigen Spielzeug, das mit Liebe und handwerklichem Geschick direkt aus unserer Werkstatt auf Korsika entworfen wurde.<\/p>\n<h4>Abmessungen<\/h4>\n<p>45 cm x 25 cm<\/p>","protected":false},"excerpt":{"rendered":"<p>Un ami pour la vie, fabriqu\u00e9 avec passion<br \/>\nCe n\u2019est pas juste un jouet, c\u2019est une invitation au r\u00eave. Chaque Milan Royal est cousu main, avec une minutie exceptionnelle, pour capturer l\u2019essence de cet oiseau majestueux. Son design minimaliste met en valeur ses traits distinctifs: l\u2019\u00e9l\u00e9gance de son vol, sa silhouette, les couleurs de son plumage. Il devient instantan\u00e9ment un ami pour les enfants, un compagnon de jeu, et pourquoi pas, un objet de d\u00e9coration po\u00e9tique.<\/p>\n<p>Un jouet, deux fa\u00e7ons de l\u2019aimer<br \/>\n\u2022 Le doudou c\u00e2lin: Parfait pour accompagner votre enfant dans ses aventures, le rassurer et lui tenir compagnie.<br \/>\n\u2022 La d\u00e9coration po\u00e9tique: Suspendu dans une chambre d\u2019enfant, ce Milan devient un mobile enchanteur, une touche de nature et de po\u00e9sie.<\/p>\n<p>Le choix du naturel et de la s\u00e9curit\u00e9<\/p>\n<ul>\n<li>100% Laine M\u00e9rinos: Choisir le Milan royal corse Balberg Shop, c\u2019est opter pour la douceur. La laine m\u00e9rinos est un mat\u00e9riau noble, eco-responsable, renouvelable et respectueux de la sant\u00e9 des enfants.<\/li>\n<li>Z\u00e9ro plastique, z\u00e9ro colle: Nous avons banni les mati\u00e8res nocives et controvers\u00e9es issu de la p\u00e9trochimie. Chaque d\u00e9tail de notre Milan est patiemment cousu \u00e0 la main, sans colle ni plastique. Un jouet sain et s\u00fbr, pour des jeux en toute tranquillit\u00e9.Nous avons banni les mati\u00e8res controvers\u00e9es.<\/li>\n<li>Certifi\u00e9 et s\u00e9curitaire: La feutrine de laine que nous utilisons est certifi\u00e9e Oeko-Tex Standard 100 et r\u00e9pond aux normes europ\u00e9ennes du jouet. La s\u00e9curit\u00e9 de votre enfant est notre priorit\u00e9 absolue.<\/li>\n<li>Fabriqu\u00e9 en Corse, avec Amour: De la conception \u00e0 la couture, chaque \u00e9tape se d\u00e9roule dans notre atelier en Corse. Chaque Milan est impr\u00e9gn\u00e9 de l\u2019atmosph\u00e8re unique de l\u2019\u00eele de Beaut\u00e9.<\/li>\n<\/ul>\n<p>Offrez un cadeau unique, le Milan Royal corse Balberg Shop est une v\u00e9ritable \u00f4de \u00e0 la beaut\u00e9 du Vivant. Commandez d\u00e8s aujourd\u2019hui votre Milan Royal, et apportez un peu de Corse dans le c\u0153ur de votre enfant<\/p>\n<p>&nbsp;<\/p>","protected":false},"featured_media":804,"template":"","meta":{"_kad_blocks_custom_css":"","_kad_blocks_head_custom_js":"","_kad_blocks_body_custom_js":"","_kad_blocks_footer_custom_js":"","_kad_post_transparent":"default","_kad_post_title":"","_kad_post_layout":"default","_kad_post_sidebar_id":"","_kad_post_content_style":"default","_kad_post_vertical_padding":"default","_kad_post_feature":"","_kad_post_feature_position":"","_kad_post_header":false,"_kad_post_footer":false,"_kad_post_classname":"","footnotes":""},"product_cat":[22,21,37],"product_tag":[],"class_list":{"0":"post-444","1":"product","2":"type-product","3":"status-publish","4":"has-post-thumbnail","6":"product_cat-decorations-naturelles-a-suspendre","7":"product_cat-figurines-jouets-en-feutrine","8":"product_cat-nouveau","9":"post","11":"first","12":"onbackorder","13":"shipping-taxable","14":"purchasable","15":"product-type-simple","16":"entry","17":"content-bg","18":"loop-entry"},"taxonomy_info":{"product_cat":[{"value":22,"label":"D\u00e9corations naturelles \u00e0 suspendre"},{"value":21,"label":"Figurines &amp; Jouets en feutrine"},{"value":37,"label":"Nouveau"}]},"featured_image_src_large":["https:\/\/balberg.shop\/wp-content\/uploads\/sites\/3\/2025\/08\/IMG_6225-Grande-1024x682.jpeg",1024,682,true],"author_info":[],"comment_info":"","_links":{"self":[{"href":"https:\/\/balberg.shop\/de\/wp-json\/wp\/v2\/product\/444","targetHints":{"allow":["GET"]}}],"collection":[{"href":"https:\/\/balberg.shop\/de\/wp-json\/wp\/v2\/product"}],"about":[{"href":"https:\/\/balberg.shop\/de\/wp-json\/wp\/v2\/types\/product"}],"version-history":[{"count":0,"href":"https:\/\/balberg.shop\/de\/wp-json\/wp\/v2\/product\/444\/revisions"}],"wp:featuredmedia":[{"embeddable":true,"href":"https:\/\/balberg.shop\/de\/wp-json\/wp\/v2\/media\/804"}],"wp:attachment":[{"href":"https:\/\/balberg.shop\/de\/wp-json\/wp\/v2\/media?parent=444"}],"wp:term":[{"taxonomy":"product_cat","embeddable":true,"href":"https:\/\/balberg.shop\/de\/wp-json\/wp\/v2\/product_cat?post=444"},{"taxonomy":"product_tag","embeddable":true,"href":"https:\/\/balberg.shop\/de\/wp-json\/wp\/v2\/product_tag?post=444"}],"curies":[{"name":"wp","href":"https:\/\/api.w.org\/{rel}","templated":true}]}}