{"id":428,"date":"2025-08-26T20:56:41","date_gmt":"2025-08-26T18:56:41","guid":{"rendered":"https:\/\/balberg.shop\/?post_type=product&#038;p=428"},"modified":"2026-03-22T09:43:05","modified_gmt":"2026-03-22T08:43:05","slug":"blume-aus-filz-aronstab-weis","status":"publish","type":"product","link":"https:\/\/balberg.shop\/de\/produit\/fleur-en-feutrine-arum-blanc\/","title":{"rendered":"Blume aus Filz - Wei\u00dfer Aronstab"},"content":{"rendered":"<p>Verschenken Sie zum Muttertag eine Blume aus Filz. Wei\u00dfer Aronstab hat zwar gerade Saison, aber diese Blume wird ewig halten! Diese handgefertigte Filzblume kann auf ein M\u00f6belst\u00fcck gestellt oder an die Wand geh\u00e4ngt werden (mithilfe einer kleinen Schlaufe, die sich dahinter verbirgt) und ist ein poetisches und einzigartiges Dekorationselement!<\/p>\n<p>Sie wird ohne Klebstoff oder Metalldraht hergestellt und ist eine nat\u00fcrliche und solide handgen\u00e4hte Dekoration.<\/p>\n<h4>Abmessungen<\/h4>\n<p>L\u00e4nge des Aronstabs aus Filz: 42 cm<br \/>\nBreite des Blattes: 7 cm<\/p>","protected":false},"excerpt":{"rendered":"<p>Offrez une fleur en feutrine pour la f\u00eate des m\u00e8res. L\u2019arum blanc est de saison mais celui-ci sera \u00e9ternel! \u00c0 poser sur un meuble ou \u00e0 accrocher au mur (\u00e0 l\u2019aide d\u2019une petite boucle cach\u00e9e derri\u00e8re) cette fleur en feutrine fait-main sera un \u00e9l\u00e9ment de d\u00e9coration po\u00e9tique et unique! R\u00e9alis\u00e9e sans colle ni fil de&#8230;<\/p>","protected":false},"featured_media":1451,"template":"","meta":{"_kad_blocks_custom_css":"","_kad_blocks_head_custom_js":"","_kad_blocks_body_custom_js":"","_kad_blocks_footer_custom_js":"","_kad_post_transparent":"default","_kad_post_title":"","_kad_post_layout":"default","_kad_post_sidebar_id":"","_kad_post_content_style":"default","_kad_post_vertical_padding":"default","_kad_post_feature":"","_kad_post_feature_position":"","_kad_post_header":false,"_kad_post_footer":false,"_kad_post_classname":"","footnotes":""},"product_cat":[19,39,37],"product_tag":[],"class_list":{"0":"post-428","1":"product","2":"type-product","3":"status-publish","4":"has-post-thumbnail","6":"product_cat-fleurs-en-feutrine","7":"product_cat-hiver","8":"product_cat-nouveau","9":"post","11":"first","12":"instock","13":"shipping-taxable","14":"purchasable","15":"product-type-simple","16":"entry","17":"content-bg","18":"loop-entry"},"taxonomy_info":{"product_cat":[{"value":19,"label":"Fleurs en feutrine"},{"value":39,"label":"Hiver"},{"value":37,"label":"Nouveau"}]},"featured_image_src_large":["https:\/\/balberg.shop\/wp-content\/uploads\/sites\/3\/2025\/08\/IMG_6517-1024x683.jpeg",1024,683,true],"author_info":[],"comment_info":"","_links":{"self":[{"href":"https:\/\/balberg.shop\/de\/wp-json\/wp\/v2\/product\/428","targetHints":{"allow":["GET"]}}],"collection":[{"href":"https:\/\/balberg.shop\/de\/wp-json\/wp\/v2\/product"}],"about":[{"href":"https:\/\/balberg.shop\/de\/wp-json\/wp\/v2\/types\/product"}],"version-history":[{"count":0,"href":"https:\/\/balberg.shop\/de\/wp-json\/wp\/v2\/product\/428\/revisions"}],"wp:featuredmedia":[{"embeddable":true,"href":"https:\/\/balberg.shop\/de\/wp-json\/wp\/v2\/media\/1451"}],"wp:attachment":[{"href":"https:\/\/balberg.shop\/de\/wp-json\/wp\/v2\/media?parent=428"}],"wp:term":[{"taxonomy":"product_cat","embeddable":true,"href":"https:\/\/balberg.shop\/de\/wp-json\/wp\/v2\/product_cat?post=428"},{"taxonomy":"product_tag","embeddable":true,"href":"https:\/\/balberg.shop\/de\/wp-json\/wp\/v2\/product_tag?post=428"}],"curies":[{"name":"wp","href":"https:\/\/api.w.org\/{rel}","templated":true}]}}