{"id":2148,"date":"2026-05-03T23:59:23","date_gmt":"2026-05-03T21:59:23","guid":{"rendered":"https:\/\/balberg.shop\/?post_type=product&#038;p=2148"},"modified":"2026-05-04T09:36:58","modified_gmt":"2026-05-04T07:36:58","slug":"das-pferd-mit-dem-roten-band","status":"publish","type":"product","link":"https:\/\/balberg.shop\/de\/produit\/le-cheval-au-ruban-rouge\/","title":{"rendered":"Das Pferd mit dem roten Band"},"content":{"rendered":"<h3>Apolline Muet X Manon Balberg<\/h3>\n<p>N\u00e9 d\u2019une rencontre et d\u2019un dessin, ce petit cheval au ruban rouge prend vie en feutrine de laine, tout en douceur.<br \/>\nImagin\u00e9 par Apolline Muet, puis interpr\u00e9t\u00e9 \u00e0 la main dans mon atelier, il porte en lui l\u2019histoire de la rencontre de nos deux dimensions cr\u00e9atives.<\/p>\n<p>Chaque pi\u00e8ce est fa\u00e7onn\u00e9e \u00e0 la main, comme un passage du trait \u00e0 la mati\u00e8re, pour devenir un compagnon tendre \u00e0 garder pr\u00e8s de soi.<br \/>\n\u00c0 collectionner, \u00e0 offrir, \u00e0 confier \u00e0 un enfant\u2026 ou \u00e0 garder pr\u00e9cieusement pour son enfant int\u00e9rieur.<\/p>\n<p>Dimensions: 19,5 cm du museau \u00e0 la queue x 16,5 cm de haut<br \/>\n<b>S\u00e9rie limit\u00e9e<\/b> - <strong>En pr\u00e9commande du 04 mai au 11 mai 2026<\/strong><br \/>\nD\u00e9but des envois: \u00e0 partir du 18 mai 2026<\/p>\n<div id='gallery-1' class='gallery galleryid-2148 gallery-columns-3 gallery-size-large'><figure class='gallery-item'>\n\t\t\t<div class='gallery-icon portrait'>\n\t\t\t\t<a href='https:\/\/balberg.shop\/de\/?attachment_id=2204'><img loading=\"lazy\" decoding=\"async\" width=\"737\" height=\"1024\" src=\"https:\/\/balberg.shop\/wp-content\/uploads\/sites\/3\/2026\/05\/Photo_25-737x1024.jpg\" class=\"attachment-large size-large\" alt=\"\" srcset=\"https:\/\/balberg.shop\/wp-content\/uploads\/sites\/3\/2026\/05\/Photo_25-737x1024.jpg 737w, https:\/\/balberg.shop\/wp-content\/uploads\/sites\/3\/2026\/05\/Photo_25-216x300.jpg 216w, https:\/\/balberg.shop\/wp-content\/uploads\/sites\/3\/2026\/05\/Photo_25-768x1067.jpg 768w, https:\/\/balberg.shop\/wp-content\/uploads\/sites\/3\/2026\/05\/Photo_25-1106x1536.jpg 1106w, https:\/\/balberg.shop\/wp-content\/uploads\/sites\/3\/2026\/05\/Photo_25-9x12.jpg 9w, https:\/\/balberg.shop\/wp-content\/uploads\/sites\/3\/2026\/05\/Photo_25-360x500.jpg 360w, https:\/\/balberg.shop\/wp-content\/uploads\/sites\/3\/2026\/05\/Photo_25-1200x1667.jpg 1200w, https:\/\/balberg.shop\/wp-content\/uploads\/sites\/3\/2026\/05\/Photo_25.jpg 1382w\" sizes=\"auto, (max-width: 737px) 100vw, 737px\" \/><\/a>\n\t\t\t<\/div><\/figure><figure class='gallery-item'>\n\t\t\t<div class='gallery-icon portrait'>\n\t\t\t\t<a href='https:\/\/balberg.shop\/de\/?attachment_id=2216'><img loading=\"lazy\" decoding=\"async\" width=\"682\" height=\"1024\" src=\"https:\/\/balberg.shop\/wp-content\/uploads\/sites\/3\/2026\/05\/Photo_1-2-682x1024.jpg\" class=\"attachment-large size-large\" alt=\"\" srcset=\"https:\/\/balberg.shop\/wp-content\/uploads\/sites\/3\/2026\/05\/Photo_1-2-682x1024.jpg 682w, https:\/\/balberg.shop\/wp-content\/uploads\/sites\/3\/2026\/05\/Photo_1-2-200x300.jpg 200w, https:\/\/balberg.shop\/wp-content\/uploads\/sites\/3\/2026\/05\/Photo_1-2-768x1153.jpg 768w, https:\/\/balberg.shop\/wp-content\/uploads\/sites\/3\/2026\/05\/Photo_1-2-1023x1536.jpg 1023w, https:\/\/balberg.shop\/wp-content\/uploads\/sites\/3\/2026\/05\/Photo_1-2-8x12.jpg 8w, https:\/\/balberg.shop\/wp-content\/uploads\/sites\/3\/2026\/05\/Photo_1-2-333x500.jpg 333w, https:\/\/balberg.shop\/wp-content\/uploads\/sites\/3\/2026\/05\/Photo_1-2-1200x1801.jpg 1200w, https:\/\/balberg.shop\/wp-content\/uploads\/sites\/3\/2026\/05\/Photo_1-2.jpg 1279w\" sizes=\"auto, (max-width: 682px) 100vw, 682px\" \/><\/a>\n\t\t\t<\/div><\/figure><figure class='gallery-item'>\n\t\t\t<div class='gallery-icon portrait'>\n\t\t\t\t<a href='https:\/\/balberg.shop\/de\/?attachment_id=2214'><img loading=\"lazy\" decoding=\"async\" width=\"768\" height=\"1024\" src=\"https:\/\/balberg.shop\/wp-content\/uploads\/sites\/3\/2026\/05\/Photo_5-3-768x1024.jpg\" class=\"attachment-large size-large\" alt=\"\" srcset=\"https:\/\/balberg.shop\/wp-content\/uploads\/sites\/3\/2026\/05\/Photo_5-3-768x1024.jpg 768w, https:\/\/balberg.shop\/wp-content\/uploads\/sites\/3\/2026\/05\/Photo_5-3-225x300.jpg 225w, https:\/\/balberg.shop\/wp-content\/uploads\/sites\/3\/2026\/05\/Photo_5-3-1152x1536.jpg 1152w, https:\/\/balberg.shop\/wp-content\/uploads\/sites\/3\/2026\/05\/Photo_5-3-9x12.jpg 9w, https:\/\/balberg.shop\/wp-content\/uploads\/sites\/3\/2026\/05\/Photo_5-3-375x500.jpg 375w, https:\/\/balberg.shop\/wp-content\/uploads\/sites\/3\/2026\/05\/Photo_5-3-1200x1600.jpg 1200w, https:\/\/balberg.shop\/wp-content\/uploads\/sites\/3\/2026\/05\/Photo_5-3.jpg 1440w\" sizes=\"auto, (max-width: 768px) 100vw, 768px\" \/><\/a>\n\t\t\t<\/div><\/figure>\n\t\t<\/div>\n\n<p style=\"text-align: center\">Dessin et photos studio sur fond brun par Apolline Muet<\/p>\n<hr \/>\n<p><b>Notes<br \/>\n<\/b><\/p>\n<p>* Chaque pi\u00e8ce est d\u00e9coup\u00e9e, feutr\u00e9e, assembl\u00e9e et fabriqu\u00e9e \u00e0 la main dans mon atelier en Haute-Corse, il faut plusieurs heures de travail pour un <span style=\"font-family: var(--global-body-font-family)\">petit cheval \u2665\ufe0f<\/span><\/p>\n<p class=\"p1\"><span class=\"s1\">La feutrine de laine est solide et de haute qualit\u00e9. <\/span><span style=\"font-family: var(--global-body-font-family)\">La fabrication passionn\u00e9e et artisanale offre de possibles variations l\u00e9g\u00e8res rendant chaque pi\u00e8ce unique et authentique.<\/span><\/p>\n<p>* Vous avez <span style=\"font-family: var(--global-body-font-family)\">deux options pour le <\/span><span style=\"font-family: var(--global-body-font-family)\">n\u0153ud rouge accroch\u00e9 avec une broche <\/span><span style=\"font-family: var(--global-body-font-family)\">pour pouvoir l&rsquo;enlever ou bien cousu sur <\/span><span style=\"font-family: var(--global-body-font-family)\">le cheval.<\/span><\/p>\n<p><b>\u00a0<\/b><\/p>","protected":false},"excerpt":{"rendered":"<p>Apolline Muet X Manon Balberg N\u00e9 d\u2019une rencontre et d\u2019un dessin, ce petit cheval au ruban rouge prend vie en feutrine de laine, tout en douceur. Imagin\u00e9 par Apolline Muet, puis interpr\u00e9t\u00e9 \u00e0 la main dans mon atelier, il porte en lui l\u2019histoire de la rencontre de nos deux dimensions cr\u00e9atives. Chaque pi\u00e8ce est fa\u00e7onn\u00e9e&#8230;<\/p>","protected":false},"featured_media":2264,"template":"","meta":{"_kad_blocks_custom_css":"","_kad_blocks_head_custom_js":"","_kad_blocks_body_custom_js":"","_kad_blocks_footer_custom_js":"","_kad_post_transparent":"default","_kad_post_title":"","_kad_post_layout":"default","_kad_post_sidebar_id":"","_kad_post_content_style":"default","_kad_post_vertical_padding":"default","_kad_post_feature":"","_kad_post_feature_position":"","_kad_post_header":false,"_kad_post_footer":false,"_kad_post_classname":"","footnotes":""},"product_cat":[24,48,21],"product_tag":[],"class_list":{"0":"post-2148","1":"product","2":"type-product","3":"status-publish","4":"has-post-thumbnail","6":"product_cat-serie-limitee","7":"product_cat-cadeaux","8":"product_cat-figurines-jouets-en-feutrine","9":"post","11":"first","12":"instock","13":"shipping-taxable","14":"purchasable","15":"product-type-variable","16":"entry","17":"content-bg","18":"loop-entry"},"taxonomy_info":{"product_cat":[{"value":24,"label":"S\u00e9rie limit\u00e9e"},{"value":48,"label":"Cadeaux"},{"value":21,"label":"Figurines &amp; Jouets en feutrine"}]},"featured_image_src_large":["https:\/\/balberg.shop\/wp-content\/uploads\/sites\/3\/2026\/05\/Photo_6-1-1024x683.jpg",1024,683,true],"author_info":[],"comment_info":"","_links":{"self":[{"href":"https:\/\/balberg.shop\/de\/wp-json\/wp\/v2\/product\/2148","targetHints":{"allow":["GET"]}}],"collection":[{"href":"https:\/\/balberg.shop\/de\/wp-json\/wp\/v2\/product"}],"about":[{"href":"https:\/\/balberg.shop\/de\/wp-json\/wp\/v2\/types\/product"}],"version-history":[{"count":18,"href":"https:\/\/balberg.shop\/de\/wp-json\/wp\/v2\/product\/2148\/revisions"}],"predecessor-version":[{"id":2263,"href":"https:\/\/balberg.shop\/de\/wp-json\/wp\/v2\/product\/2148\/revisions\/2263"}],"wp:featuredmedia":[{"embeddable":true,"href":"https:\/\/balberg.shop\/de\/wp-json\/wp\/v2\/media\/2264"}],"wp:attachment":[{"href":"https:\/\/balberg.shop\/de\/wp-json\/wp\/v2\/media?parent=2148"}],"wp:term":[{"taxonomy":"product_cat","embeddable":true,"href":"https:\/\/balberg.shop\/de\/wp-json\/wp\/v2\/product_cat?post=2148"},{"taxonomy":"product_tag","embeddable":true,"href":"https:\/\/balberg.shop\/de\/wp-json\/wp\/v2\/product_tag?post=2148"}],"curies":[{"name":"wp","href":"https:\/\/api.w.org\/{rel}","templated":true}]}}