{"id":1765,"date":"2026-01-23T17:38:02","date_gmt":"2026-01-23T16:38:02","guid":{"rendered":"https:\/\/balberg.shop\/?post_type=product&#038;p=1765"},"modified":"2026-03-06T16:00:27","modified_gmt":"2026-03-06T15:00:27","slug":"pilz-amanit-letzte-stucke","status":"publish","type":"product","link":"https:\/\/balberg.shop\/de\/produit\/champignon-amanite-dernieres-pieces\/","title":{"rendered":"Amanit-Pilz - letzte St\u00fccke!"},"content":{"rendered":"<h3>Abmessungen<\/h3>\n<p>Pilz aus Wollfilz<br \/>\n12 x 7 x 3 cm<\/p>","protected":false},"excerpt":{"rendered":"<p>Ma\u00dfe Pilz aus Wollfilz 12 x 7 x 3 cm<\/p>","protected":false},"featured_media":1676,"template":"","meta":{"_kad_blocks_custom_css":"","_kad_blocks_head_custom_js":"","_kad_blocks_body_custom_js":"","_kad_blocks_footer_custom_js":"","_kad_post_transparent":"default","_kad_post_title":"","_kad_post_layout":"default","_kad_post_sidebar_id":"","_kad_post_content_style":"default","_kad_post_vertical_padding":"default","_kad_post_feature":"","_kad_post_feature_position":"","_kad_post_header":false,"_kad_post_footer":false,"_kad_post_classname":"","footnotes":""},"product_cat":[18,22,40],"product_tag":[],"class_list":{"0":"post-1765","1":"product","2":"type-product","3":"status-publish","4":"has-post-thumbnail","6":"product_cat-decoration-de-noel-en-feutrine","7":"product_cat-decorations-naturelles-a-suspendre","8":"product_cat-soldes","9":"post","11":"first","12":"instock","13":"sale","14":"shipping-taxable","15":"purchasable","16":"product-type-simple","17":"entry","18":"content-bg","19":"loop-entry"},"taxonomy_info":{"product_cat":[{"value":18,"label":"D\u00e9coration de No\u00ebl en feutrine"},{"value":22,"label":"D\u00e9corations naturelles \u00e0 suspendre"},{"value":40,"label":"Soldes"}]},"featured_image_src_large":["https:\/\/balberg.shop\/wp-content\/uploads\/sites\/3\/2026\/01\/IMG_4901-1024x683.jpeg",1024,683,true],"author_info":[],"comment_info":"","_links":{"self":[{"href":"https:\/\/balberg.shop\/de\/wp-json\/wp\/v2\/product\/1765","targetHints":{"allow":["GET"]}}],"collection":[{"href":"https:\/\/balberg.shop\/de\/wp-json\/wp\/v2\/product"}],"about":[{"href":"https:\/\/balberg.shop\/de\/wp-json\/wp\/v2\/types\/product"}],"version-history":[{"count":0,"href":"https:\/\/balberg.shop\/de\/wp-json\/wp\/v2\/product\/1765\/revisions"}],"wp:featuredmedia":[{"embeddable":true,"href":"https:\/\/balberg.shop\/de\/wp-json\/wp\/v2\/media\/1676"}],"wp:attachment":[{"href":"https:\/\/balberg.shop\/de\/wp-json\/wp\/v2\/media?parent=1765"}],"wp:term":[{"taxonomy":"product_cat","embeddable":true,"href":"https:\/\/balberg.shop\/de\/wp-json\/wp\/v2\/product_cat?post=1765"},{"taxonomy":"product_tag","embeddable":true,"href":"https:\/\/balberg.shop\/de\/wp-json\/wp\/v2\/product_tag?post=1765"}],"curies":[{"name":"wp","href":"https:\/\/api.w.org\/{rel}","templated":true}]}}