{"id":1160,"date":"2025-09-07T11:48:39","date_gmt":"2025-09-07T09:48:39","guid":{"rendered":"https:\/\/balberg.shop\/?post_type=product&#038;p=1160"},"modified":"2026-03-22T09:25:36","modified_gmt":"2026-03-22T08:25:36","slug":"mobile-einhorn-aus-filz-nacht-und-sterne","status":"publish","type":"product","link":"https:\/\/balberg.shop\/de\/produit\/mobile-licorne-en-feutrine-nuit-etoilee\/","title":{"rendered":"Mobile Einhorn aus Filz - Sternennacht"},"content":{"rendered":"<p>Wecken Sie die Fantasie Ihres Babys mit diesem zauberhaften Mobile, das ein niedliches Einhorn, einen sanften Mond und h\u00fcbsche Sterne zeigt. Jedes Element ist sorgf\u00e4ltig gestaltet, um die Aufmerksamkeit der Kleinen zu fesseln und eine beruhigende und magische Atmosph\u00e4re in ihrer Aufwachzeit zu schaffen. Mit seinen Farben und feinen Details ist dieses Mobile nicht nur ein dekoratives Accessoire, sondern auch ein echtes Spiel, um die Sinne Ihres Kindes zu stimulieren.<\/p>\n<h4>Abmessungen<\/h4>\n<p>Mobile aus Filz Einhorn Sternennacht<br \/>\n60 cm x 25 cm<\/p>","protected":false},"excerpt":{"rendered":"<p>Wecken Sie die Fantasie Ihres Babys mit diesem zauberhaften Mobile, das ein niedliches Einhorn, einen sanften Mond und h\u00fcbsche Sterne zeigt. Jedes Element ist sorgf\u00e4ltig gestaltet, um die Aufmerksamkeit der Kleinen zu fesseln und eine beruhigende und magische Atmosph\u00e4re in ihrer Aufwachzeit zu schaffen. Mit seinen Farben und zarten Details ist dieses Mobile nicht nur ein dekoratives Accessoire,...<\/p>","protected":false},"featured_media":1181,"template":"","meta":{"_kad_blocks_custom_css":"","_kad_blocks_head_custom_js":"","_kad_blocks_body_custom_js":"","_kad_blocks_footer_custom_js":"","_kad_post_transparent":"default","_kad_post_title":"","_kad_post_layout":"default","_kad_post_sidebar_id":"","_kad_post_content_style":"default","_kad_post_vertical_padding":"default","_kad_post_feature":"","_kad_post_feature_position":"","_kad_post_header":false,"_kad_post_footer":false,"_kad_post_classname":"","footnotes":""},"product_cat":[39,17],"product_tag":[],"class_list":{"0":"post-1160","1":"product","2":"type-product","3":"status-publish","4":"has-post-thumbnail","6":"product_cat-hiver","7":"product_cat-mobiles-en-feutrine","8":"post","10":"first","11":"onbackorder","12":"shipping-taxable","13":"purchasable","14":"product-type-simple","15":"entry","16":"content-bg","17":"loop-entry"},"taxonomy_info":{"product_cat":[{"value":39,"label":"Hiver"},{"value":17,"label":"Mobiles en feutrine"}]},"featured_image_src_large":["https:\/\/balberg.shop\/wp-content\/uploads\/sites\/3\/2025\/09\/IMG_6702-1024x683.jpeg",1024,683,true],"author_info":[],"comment_info":"","_links":{"self":[{"href":"https:\/\/balberg.shop\/de\/wp-json\/wp\/v2\/product\/1160","targetHints":{"allow":["GET"]}}],"collection":[{"href":"https:\/\/balberg.shop\/de\/wp-json\/wp\/v2\/product"}],"about":[{"href":"https:\/\/balberg.shop\/de\/wp-json\/wp\/v2\/types\/product"}],"version-history":[{"count":0,"href":"https:\/\/balberg.shop\/de\/wp-json\/wp\/v2\/product\/1160\/revisions"}],"wp:featuredmedia":[{"embeddable":true,"href":"https:\/\/balberg.shop\/de\/wp-json\/wp\/v2\/media\/1181"}],"wp:attachment":[{"href":"https:\/\/balberg.shop\/de\/wp-json\/wp\/v2\/media?parent=1160"}],"wp:term":[{"taxonomy":"product_cat","embeddable":true,"href":"https:\/\/balberg.shop\/de\/wp-json\/wp\/v2\/product_cat?post=1160"},{"taxonomy":"product_tag","embeddable":true,"href":"https:\/\/balberg.shop\/de\/wp-json\/wp\/v2\/product_tag?post=1160"}],"curies":[{"name":"wp","href":"https:\/\/api.w.org\/{rel}","templated":true}]}}