{"id":1032,"date":"2025-09-05T09:26:02","date_gmt":"2025-09-05T07:26:02","guid":{"rendered":"https:\/\/balberg.shop\/?post_type=product&#038;p=1032"},"modified":"2026-03-22T09:25:55","modified_gmt":"2026-03-22T08:25:55","slug":"kleine-freie-formen-aus-mehrfarbigem-filz","status":"publish","type":"product","link":"https:\/\/balberg.shop\/de\/produit\/petites-formes-libres-en-feutrine-multicolores\/","title":{"rendered":"Kleine freie Formen aus Filz - mehrfarbig"},"content":{"rendered":"<p>Dieses 100-teilige Set aus Wollfilz geh\u00f6rt zur Kategorie der freien Spielzeuge. Es besteht aus 20 Kleinen Formen, freien Formen, die jeweils f\u00fcnfmal vervielf\u00e4ltigt werden. Die 100 Teile sind in einem Beutel mit Schn\u00fcrung 100% Baumwolle, zertifiziert nach \u00d6ko-Tex 100, aufbewahrt.<\/p>\n<p>Freies Spielzeug gibt dem Kind die Freiheit, seine Visionen und Geschichten zu entwickeln und das Spielzeug im Dienste seiner Fantasie einzusetzen. <span style=\"font-family: var(--global-body-font-family)\">Diese kleinen geometrischen Formen laden die Farbe in das Kinderzimmer ein und er\u00f6ffnen neue M\u00f6glichkeiten.<\/span><\/p>\n<p>Spielen Sie mit \"Totems\" oder Mandalas, Arrangements, Kulissen f\u00fcr Figurenspiele, verg\u00e4nglichen Kunstwerken... Das Kind kann seine eigenen Geschichten erz\u00e4hlen und kann die Elemente einzeln oder zusammen auf verschiedene Arten verwenden.<br \/>\nDas Set Kleine Formen kann auch f\u00fcr mathematische, linguistische oder sensorische Spiele eingesetzt werden.<\/p>\n<p>Die Farbharmonie besteht aus warmen und kalten Farben:<br \/>\n3 gr\u00fcn, 3 gelb, 3 blau, 2 rosa, 1 grau, 1 schwarz, 1 beige, 1 orange, 1 rot, 1 ocker, 1 \"Eierschale\", 2 braun.<\/p>\n<h4>Abmessungen<\/h4>\n<p>Dicke der Teile: 2 mm<br \/>\nDas l\u00e4ngste St\u00fcck:4\u00d715 cm<br \/>\nKleinste M\u00fcnze: 2\u00d76 cm<br \/>\nDie Schachtel: 25 x 30 cm<\/p>","protected":false},"excerpt":{"rendered":"<p>Dieses 100-teilige Set aus Wollfilz geh\u00f6rt zur Kategorie der freien Spielzeuge. Es besteht aus 20 Kleinen Formen, freien Formen, die jeweils f\u00fcnfmal vervielf\u00e4ltigt werden. Die 100 Teile sind in einem Beutel mit Schn\u00fcrung 100% Baumwolle mit \u00d6ko-Tex 100-Zertifikat aufbewahrt. Das freie Spielzeug gibt dem Kind die...<\/p>","protected":false},"featured_media":1037,"template":"","meta":{"_kad_blocks_custom_css":"","_kad_blocks_head_custom_js":"","_kad_blocks_body_custom_js":"","_kad_blocks_footer_custom_js":"","_kad_post_transparent":"default","_kad_post_title":"","_kad_post_layout":"default","_kad_post_sidebar_id":"","_kad_post_content_style":"default","_kad_post_vertical_padding":"default","_kad_post_feature":"","_kad_post_feature_position":"","_kad_post_header":false,"_kad_post_footer":false,"_kad_post_classname":"","footnotes":""},"product_cat":[35,16],"product_tag":[],"class_list":{"0":"post-1032","1":"product","2":"type-product","3":"status-publish","4":"has-post-thumbnail","6":"product_cat-jouets-libres-jouets-d-eveil","7":"product_cat-non-classe","8":"post","10":"first","11":"onbackorder","12":"shipping-taxable","13":"purchasable","14":"product-type-simple","15":"entry","16":"content-bg","17":"loop-entry"},"taxonomy_info":{"product_cat":[{"value":35,"label":"Jouets libres | Jouets d'\u00e9veil"},{"value":16,"label":"Non class\u00e9"}]},"featured_image_src_large":["https:\/\/balberg.shop\/wp-content\/uploads\/sites\/3\/2025\/09\/IMG_5636-682x1024.jpeg",682,1024,true],"author_info":[],"comment_info":"","_links":{"self":[{"href":"https:\/\/balberg.shop\/de\/wp-json\/wp\/v2\/product\/1032","targetHints":{"allow":["GET"]}}],"collection":[{"href":"https:\/\/balberg.shop\/de\/wp-json\/wp\/v2\/product"}],"about":[{"href":"https:\/\/balberg.shop\/de\/wp-json\/wp\/v2\/types\/product"}],"version-history":[{"count":0,"href":"https:\/\/balberg.shop\/de\/wp-json\/wp\/v2\/product\/1032\/revisions"}],"wp:featuredmedia":[{"embeddable":true,"href":"https:\/\/balberg.shop\/de\/wp-json\/wp\/v2\/media\/1037"}],"wp:attachment":[{"href":"https:\/\/balberg.shop\/de\/wp-json\/wp\/v2\/media?parent=1032"}],"wp:term":[{"taxonomy":"product_cat","embeddable":true,"href":"https:\/\/balberg.shop\/de\/wp-json\/wp\/v2\/product_cat?post=1032"},{"taxonomy":"product_tag","embeddable":true,"href":"https:\/\/balberg.shop\/de\/wp-json\/wp\/v2\/product_tag?post=1032"}],"curies":[{"name":"wp","href":"https:\/\/api.w.org\/{rel}","templated":true}]}}